{"id":308,"date":"2024-04-11T08:41:03","date_gmt":"2024-04-11T06:41:03","guid":{"rendered":"https:\/\/murcia-audiovisual.com\/?page_id=308"},"modified":"2024-04-26T13:38:39","modified_gmt":"2024-04-26T11:38:39","slug":"servicios","status":"publish","type":"page","link":"https:\/\/murcia-audiovisual.com\/?page_id=308","title":{"rendered":"V\u00eddeo Corporativo en Murcia"},"content":{"rendered":"\t\t<div data-elementor-type=\"wp-page\" data-elementor-id=\"308\" class=\"elementor elementor-308\" data-elementor-post-type=\"page\">\n\t\t\t\t<div class=\"elementor-element elementor-element-4e4673d e-flex e-con-boxed e-con e-parent\" data-id=\"4e4673d\" data-element_type=\"container\" data-settings=\"{&quot;background_background&quot;:&quot;classic&quot;}\">\n\t\t\t\t\t<div class=\"e-con-inner\">\n\t\t<div class=\"elementor-element elementor-element-f1aace6 e-flex e-con-boxed e-con e-child\" data-id=\"f1aace6\" data-element_type=\"container\">\n\t\t\t\t\t<div class=\"e-con-inner\">\n\t\t\t\t<div class=\"elementor-element elementor-element-0d7b215 elementor-widget elementor-widget-heading\" data-id=\"0d7b215\" data-element_type=\"widget\" data-widget_type=\"heading.default\">\n\t\t\t\t<div class=\"elementor-widget-container\">\n\t\t\t<h2 class=\"elementor-heading-title elementor-size-default\"> V\u00eddeos corporativos Murcia Audiovisual <\/h2>\t\t<\/div>\n\t\t\t\t<\/div>\n\t\t\t\t<div class=\"elementor-element elementor-element-40aad796 elementor-widget elementor-widget-text-editor\" data-id=\"40aad796\" data-element_type=\"widget\" data-widget_type=\"text-editor.default\">\n\t\t\t\t<div class=\"elementor-widget-container\">\n\t\t\t\t\t\t\t<h3><strong>Haz tu empresa m\u00e1s profesional con nuestros v\u00eddeos corporativos<\/strong><\/h3><p>Desde <strong>Murcia Audiovisual<\/strong> hacemos <strong>v\u00eddeos corporativos<\/strong> para tu empresa, y que esta tenga una imagen m\u00e1s profesional con nuestro <strong>contenido audiovisual<\/strong>.<\/p><p>Con los <strong>v\u00eddeos corporativos<\/strong> una empresa da el siguiente nivel y da una mejor imagen ante el p\u00fablico y la potencial clientela, este es el factor principal para que elijas nuestra <strong>productora audiovisual<\/strong>.<\/p>\t\t\t\t\t\t<\/div>\n\t\t\t\t<\/div>\n\t\t\t\t\t<\/div>\n\t\t\t\t<\/div>\n\t\t<div class=\"elementor-element elementor-element-aa89662 e-flex e-con-boxed e-con e-child\" data-id=\"aa89662\" data-element_type=\"container\">\n\t\t\t\t\t<div class=\"e-con-inner\">\n\t\t\t\t<div class=\"elementor-element elementor-element-3e1b59c elementor-widget elementor-widget-video\" data-id=\"3e1b59c\" data-element_type=\"widget\" data-settings=\"{&quot;video_type&quot;:&quot;vimeo&quot;,&quot;autoplay&quot;:&quot;yes&quot;}\" data-widget_type=\"video.default\">\n\t\t\t\t<div class=\"elementor-widget-container\">\n\t\t\t\t\t<div class=\"elementor-wrapper elementor-open-inline\">\n\t\t\t<iframe class=\"elementor-video-iframe\" allowfullscreen allow=\"clipboard-write\" title=\"Reproductor de v\u00eddeo vimeo\" src=\"https:\/\/player.vimeo.com\/video\/825122785?autoplay=1&amp;color&amp;autopause=0&amp;loop=0&amp;muted=0&amp;title=0&amp;portrait=1&amp;byline=1#t=\"><\/iframe>\t\t<\/div>\n\t\t\t\t<\/div>\n\t\t\t\t<\/div>\n\t\t\t\t\t<\/div>\n\t\t\t\t<\/div>\n\t\t\t\t\t<\/div>\n\t\t\t\t<\/div>\n\t\t<div class=\"elementor-element elementor-element-504303e e-flex e-con-boxed e-con e-parent\" data-id=\"504303e\" data-element_type=\"container\" data-settings=\"{&quot;background_background&quot;:&quot;classic&quot;}\">\n\t\t\t\t\t<div class=\"e-con-inner\">\n\t\t<div class=\"elementor-element elementor-element-bf32aed e-flex e-con-boxed e-con e-child\" data-id=\"bf32aed\" data-element_type=\"container\">\n\t\t\t\t\t<div class=\"e-con-inner\">\n\t\t\t\t<div class=\"elementor-element elementor-element-dfec4bb elementor-widget elementor-widget-text-editor\" data-id=\"dfec4bb\" data-element_type=\"widget\" data-widget_type=\"text-editor.default\">\n\t\t\t\t<div class=\"elementor-widget-container\">\n\t\t\t\t\t\t\t<p>En <strong>Murcia Audiovisual<\/strong> hacemos <strong>producci\u00f3n audiovisual<\/strong> profesional con un gran equipo que se desenvuelve en todos los aspectos, en este caso para hacer <strong>v\u00eddeos corporativos<\/strong>, si quieres dar el siguiente paso en tu empresa cuenta con nuestro <strong>contenido audiovisual<\/strong>.<\/p><p>Los <strong>v\u00eddeos corporativos<\/strong> son geniales cuando quieres darle frescura a la imagen de tu empresa, no lo dudes m\u00e1s y hazte con nuestros servicios.<\/p><p>Tambi\u00e9n contamos con la m\u00e1s avanzada tecnolog\u00eda en <strong>Murcia Audiovisual<\/strong>, tanto en equipo f\u00edsico de grabaci\u00f3n como en el software de edici\u00f3n o retoque audiovisual para hacer el mejor <strong>contenido audiovisual<\/strong>. Tambi\u00e9n contamos con un estudio propio, pero nos desplazamos a donde sea necesario para hacer tus <strong>v\u00eddeos corporativos<\/strong>.<\/p><h3><strong>Murcia Audiovisual tu productora audiovisual<\/strong><\/h3><p><strong>Murcia Audiovisual<\/strong> es una productora audiovisual que se encarga de todas las fases de un proyecto como el guion, producci\u00f3n, fotograf\u00eda, postproducci\u00f3n\u2026 haciendo realidad tus <strong>v\u00eddeos corporativos<\/strong>.<\/p><p>Si necesitas m\u00e1s informaci\u00f3n puedes ver nuestros <a href=\"https:\/\/vimeo.com\/hernandezpitera\"><u>proyectos audiovisuales<\/u><\/a>\u00a0para que puedas contrastar todo nuestro <strong>contenido audiovisual<\/strong>. Si quieres dar el siguiente paso con tus <strong>v\u00eddeos corporativos<\/strong> no dudes en contactar con nosotros, estaremos encantados de atenderte y que nos comentes tu proyecto para que podamos desarrollarlo desde <strong>Murcia Audiovisual<\/strong>.<\/p>\t\t\t\t\t\t<\/div>\n\t\t\t\t<\/div>\n\t\t\t\t\t<\/div>\n\t\t\t\t<\/div>\n\t\t\t\t\t<\/div>\n\t\t\t\t<\/div>\n\t\t\t\t<\/div>\n\t\t","protected":false},"excerpt":{"rendered":"<p>V\u00eddeos corporativos Murcia Audiovisual Haz tu empresa m\u00e1s profesional con nuestros v\u00eddeos corporativos Desde Murcia Audiovisual hacemos v\u00eddeos corporativos para tu empresa, y que esta tenga una imagen m\u00e1s profesional con nuestro contenido audiovisual. Con los v\u00eddeos corporativos una empresa da el siguiente nivel y da una mejor imagen ante el p\u00fablico y la potencial&hellip;<\/p>\n","protected":false},"author":1,"featured_media":0,"parent":0,"menu_order":0,"comment_status":"closed","ping_status":"closed","template":"elementor_header_footer","meta":{"_seopress_robots_primary_cat":"","_seopress_titles_title":"V\u00eddeo corporativo productor audiovisual | Murcia-Audiovisual","_seopress_titles_desc":"Descubre nuestra productora audiovisual hace v\u00eddeos corporativos para tu empresa, en Murcia audiovisual hacemos tu contenido audiovisual, \u00a1cuenta con nosotros!","_seopress_robots_index":"","footnotes":""},"class_list":["post-308","page","type-page","status-publish","hentry"],"_links":{"self":[{"href":"https:\/\/murcia-audiovisual.com\/index.php?rest_route=\/wp\/v2\/pages\/308","targetHints":{"allow":["GET"]}}],"collection":[{"href":"https:\/\/murcia-audiovisual.com\/index.php?rest_route=\/wp\/v2\/pages"}],"about":[{"href":"https:\/\/murcia-audiovisual.com\/index.php?rest_route=\/wp\/v2\/types\/page"}],"author":[{"embeddable":true,"href":"https:\/\/murcia-audiovisual.com\/index.php?rest_route=\/wp\/v2\/users\/1"}],"replies":[{"embeddable":true,"href":"https:\/\/murcia-audiovisual.com\/index.php?rest_route=%2Fwp%2Fv2%2Fcomments&post=308"}],"version-history":[{"count":53,"href":"https:\/\/murcia-audiovisual.com\/index.php?rest_route=\/wp\/v2\/pages\/308\/revisions"}],"predecessor-version":[{"id":995,"href":"https:\/\/murcia-audiovisual.com\/index.php?rest_route=\/wp\/v2\/pages\/308\/revisions\/995"}],"wp:attachment":[{"href":"https:\/\/murcia-audiovisual.com\/index.php?rest_route=%2Fwp%2Fv2%2Fmedia&parent=308"}],"curies":[{"name":"wp","href":"https:\/\/api.w.org\/{rel}","templated":true}]}}