{"id":365,"date":"2024-04-11T09:51:38","date_gmt":"2024-04-11T07:51:38","guid":{"rendered":"https:\/\/murcia-audiovisual.com\/?page_id=365"},"modified":"2024-04-26T13:39:53","modified_gmt":"2024-04-26T11:39:53","slug":"turismo","status":"publish","type":"page","link":"https:\/\/murcia-audiovisual.com\/?page_id=365","title":{"rendered":"Turismo"},"content":{"rendered":"\t\t<div data-elementor-type=\"wp-page\" data-elementor-id=\"365\" class=\"elementor elementor-365\" data-elementor-post-type=\"page\">\n\t\t\t\t<div class=\"elementor-element elementor-element-ebdd3a5 e-flex e-con-boxed e-con e-parent\" data-id=\"ebdd3a5\" data-element_type=\"container\" data-settings=\"{&quot;background_background&quot;:&quot;classic&quot;}\">\n\t\t\t\t\t<div class=\"e-con-inner\">\n\t\t<div class=\"elementor-element elementor-element-07d6249 e-flex e-con-boxed e-con e-child\" data-id=\"07d6249\" data-element_type=\"container\">\n\t\t\t\t\t<div class=\"e-con-inner\">\n\t\t<div class=\"elementor-element elementor-element-e19f32f e-flex e-con-boxed e-con e-child\" data-id=\"e19f32f\" data-element_type=\"container\" data-settings=\"{&quot;background_background&quot;:&quot;classic&quot;}\">\n\t\t\t\t\t<div class=\"e-con-inner\">\n\t\t\t\t<div class=\"elementor-element elementor-element-da28e6a elementor-widget elementor-widget-heading\" data-id=\"da28e6a\" data-element_type=\"widget\" data-widget_type=\"heading.default\">\n\t\t\t\t<div class=\"elementor-widget-container\">\n\t\t\t<h2 class=\"elementor-heading-title elementor-size-default\">Turismo<\/h2>\t\t<\/div>\n\t\t\t\t<\/div>\n\t\t\t\t<div class=\"elementor-element elementor-element-c61fee7 elementor-widget elementor-widget-text-editor\" data-id=\"c61fee7\" data-element_type=\"widget\" data-widget_type=\"text-editor.default\">\n\t\t\t\t<div class=\"elementor-widget-container\">\n\t\t\t\t\t\t\t<p><!-- wp:heading {\"level\":3} --><\/p>\n<h3><strong>H2 Haz tu empresa m\u00e1s visible en la oficina turismo con nuestros v\u00eddeos y fotos turismo para una ciudad<\/strong><\/h3>\n<p>Desde <strong>Murcia Audiovisual<\/strong> hacemos v\u00eddeos y <strong>fotos turismo<\/strong> para una ciudad, y que esta tenga una imagen m\u00e1s profesional en la <strong>oficina turismo <\/strong>y promocionar una ciudad para atraer turismo con nuestro <strong>contenido audiovisual<\/strong>.<\/p>\n<p>Con los v\u00eddeos y <strong>fotos turismo<\/strong> una ciudad da el siguiente nivel y da una mejor imagen ante los potenciales turistas en la<strong> oficina turismo <\/strong>y promocionar una ciudad para atraer visitantes, este es el factor principal para que elijas nuestra <strong>productora audiovisual<\/strong>.<\/p>\n<p><!-- \/wp:paragraph --><\/p>\t\t\t\t\t\t<\/div>\n\t\t\t\t<\/div>\n\t\t\t\t\t<\/div>\n\t\t\t\t<\/div>\n\t\t\t\t\t<\/div>\n\t\t\t\t<\/div>\n\t\t<div class=\"elementor-element elementor-element-e448ba1 e-flex e-con-boxed e-con e-child\" data-id=\"e448ba1\" data-element_type=\"container\">\n\t\t\t\t\t<div class=\"e-con-inner\">\n\t\t\t\t<div class=\"elementor-element elementor-element-76f0b29 elementor-widget elementor-widget-video\" data-id=\"76f0b29\" data-element_type=\"widget\" data-settings=\"{&quot;video_type&quot;:&quot;vimeo&quot;,&quot;autoplay&quot;:&quot;yes&quot;}\" data-widget_type=\"video.default\">\n\t\t\t\t<div class=\"elementor-widget-container\">\n\t\t\t\t\t<div class=\"elementor-wrapper elementor-open-inline\">\n\t\t\t<iframe class=\"elementor-video-iframe\" allowfullscreen allow=\"clipboard-write\" title=\"Reproductor de v\u00eddeo vimeo\" src=\"https:\/\/player.vimeo.com\/video\/668922003?autoplay=1&amp;color&amp;autopause=0&amp;loop=0&amp;muted=0&amp;title=0&amp;portrait=1&amp;byline=1#t=\"><\/iframe>\t\t<\/div>\n\t\t\t\t<\/div>\n\t\t\t\t<\/div>\n\t\t\t\t\t<\/div>\n\t\t\t\t<\/div>\n\t\t\t\t\t<\/div>\n\t\t\t\t<\/div>\n\t\t<div class=\"elementor-element elementor-element-4d09724 e-flex e-con-boxed e-con e-parent\" data-id=\"4d09724\" data-element_type=\"container\" data-settings=\"{&quot;background_background&quot;:&quot;classic&quot;}\">\n\t\t\t\t\t<div class=\"e-con-inner\">\n\t\t<div class=\"elementor-element elementor-element-3a825bf e-flex e-con-boxed e-con e-child\" data-id=\"3a825bf\" data-element_type=\"container\">\n\t\t\t\t\t<div class=\"e-con-inner\">\n\t\t\t\t<div class=\"elementor-element elementor-element-67b48a5 elementor-widget elementor-widget-text-editor\" data-id=\"67b48a5\" data-element_type=\"widget\" data-widget_type=\"text-editor.default\">\n\t\t\t\t<div class=\"elementor-widget-container\">\n\t\t\t\t\t\t\t<p>Los v\u00eddeos y <strong>fotos turismo <\/strong>son muy \u00fatiles cuando se quiere promocionar un sitio tur\u00edstico o una ciudad que quiere atraer nuevo o m\u00e1s turismo, no lo dudes m\u00e1s y si quieres promocionar tur\u00edsticamente un lugar hazte con nuestros servicios.<\/p>\n<p>En <strong>Murcia Audiovisual<\/strong> hacemos <strong>producci\u00f3n audiovisual<\/strong> profesional con un gran equipo que se desenvuelve en todos los aspectos, en este caso para hacer v\u00eddeos y <strong>fotos turismo<\/strong>, si quieres dar el siguiente paso en tu ciudad para visibilizarte con v\u00eddeos y <strong>fotos turismo <\/strong>cuenta con nuestro <strong>contenido audiovisual <\/strong>para dar una mejor imagen ante los potenciales turistas en la<strong> oficina turismo <\/strong>y promocionar una ciudad para atraer visitantes.<\/p>\n<p>Tambi\u00e9n contamos con la m\u00e1s avanzada tecnolog\u00eda en <strong>Murcia Audiovisual<\/strong>, tanto en equipo f\u00edsico de grabaci\u00f3n como en el software de edici\u00f3n o retoque audiovisual para hacer el mejor <strong>contenido audiovisual<\/strong>. Tambi\u00e9n contamos con un estudio propio, pero nos desplazamos a donde sea necesario para hacer tus v\u00eddeos y <strong>fotos turismo<\/strong>.<\/p>\n<h3><strong>\u00a0Murcia Audiovisual tu productora audiovisual<\/strong><\/h3>\n<p><strong>Murcia Audiovisual<\/strong> es una productora audiovisual que se encarga de todas las fases de un proyecto como el guion, producci\u00f3n, fotograf\u00eda, postproducci\u00f3n\u2026 haciendo realidad tus v\u00eddeos y <strong>fotos turismo.<\/strong> Gracias a ello podr\u00e1s dar una mejor imagen ante los potenciales turistas en la<strong> oficina turismo <\/strong>y promocionar una ciudad para atraer visitantes.<\/p>\n<p>Si necesitas m\u00e1s informaci\u00f3n puedes ver nuestros <u>proyectos audiovisuales<\/u> (<a href=\"https:\/\/vimeo.com\/hernandezpitera\">https:\/\/vimeo.com\/hernandezpitera<\/a> ) para que puedas contrastar todo nuestro <strong>contenido audiovisual<\/strong>. Si quieres dar el siguiente paso con tus v\u00eddeos y <strong>fotos turismo<\/strong> no dudes en contactar con nosotros, la imagen de un paraje tur\u00edstico estar\u00e1 en buenas manos, estaremos encantados de atenderte y que nos comentes tu proyecto para que podamos desarrollarlo desde <strong>Murcia Audiovisual<\/strong>.<\/p>\t\t\t\t\t\t<\/div>\n\t\t\t\t<\/div>\n\t\t\t\t\t<\/div>\n\t\t\t\t<\/div>\n\t\t\t\t\t<\/div>\n\t\t\t\t<\/div>\n\t\t\t\t<\/div>\n\t\t","protected":false},"excerpt":{"rendered":"<p>Turismo H2 Haz tu empresa m\u00e1s visible en la oficina turismo con nuestros v\u00eddeos y fotos turismo para una ciudad Desde Murcia Audiovisual hacemos v\u00eddeos y fotos turismo para una ciudad, y que esta tenga una imagen m\u00e1s profesional en la oficina turismo y promocionar una ciudad para atraer turismo con nuestro contenido audiovisual. Con&hellip;<\/p>\n","protected":false},"author":1,"featured_media":0,"parent":0,"menu_order":0,"comment_status":"closed","ping_status":"closed","template":"elementor_header_footer","meta":{"_seopress_robots_primary_cat":"","_seopress_titles_title":"V\u00eddeo y foto turismo Murcia productora | Murcia-Audiovisual","_seopress_titles_desc":"Nuestra productora audiovisual hace v\u00eddeos y fotos turismo como comunicaci\u00f3n audiovisual, en Murcia audiovisual hacemos tu contenido audiovisual, \u00a1vamos all\u00e1!","_seopress_robots_index":"","footnotes":""},"class_list":["post-365","page","type-page","status-publish","hentry"],"_links":{"self":[{"href":"https:\/\/murcia-audiovisual.com\/index.php?rest_route=\/wp\/v2\/pages\/365","targetHints":{"allow":["GET"]}}],"collection":[{"href":"https:\/\/murcia-audiovisual.com\/index.php?rest_route=\/wp\/v2\/pages"}],"about":[{"href":"https:\/\/murcia-audiovisual.com\/index.php?rest_route=\/wp\/v2\/types\/page"}],"author":[{"embeddable":true,"href":"https:\/\/murcia-audiovisual.com\/index.php?rest_route=\/wp\/v2\/users\/1"}],"replies":[{"embeddable":true,"href":"https:\/\/murcia-audiovisual.com\/index.php?rest_route=%2Fwp%2Fv2%2Fcomments&post=365"}],"version-history":[{"count":53,"href":"https:\/\/murcia-audiovisual.com\/index.php?rest_route=\/wp\/v2\/pages\/365\/revisions"}],"predecessor-version":[{"id":997,"href":"https:\/\/murcia-audiovisual.com\/index.php?rest_route=\/wp\/v2\/pages\/365\/revisions\/997"}],"wp:attachment":[{"href":"https:\/\/murcia-audiovisual.com\/index.php?rest_route=%2Fwp%2Fv2%2Fmedia&parent=365"}],"curies":[{"name":"wp","href":"https:\/\/api.w.org\/{rel}","templated":true}]}}