{"id":385,"date":"2024-04-11T10:01:30","date_gmt":"2024-04-11T08:01:30","guid":{"rendered":"https:\/\/murcia-audiovisual.com\/?page_id=385"},"modified":"2024-04-26T13:36:46","modified_gmt":"2024-04-26T11:36:46","slug":"video-recetas","status":"publish","type":"page","link":"https:\/\/murcia-audiovisual.com\/?page_id=385","title":{"rendered":"V\u00eddeo recetas"},"content":{"rendered":"\t\t<div data-elementor-type=\"wp-page\" data-elementor-id=\"385\" class=\"elementor elementor-385\" data-elementor-post-type=\"page\">\n\t\t\t\t<div class=\"elementor-element elementor-element-5df1604 e-flex e-con-boxed e-con e-parent\" data-id=\"5df1604\" data-element_type=\"container\" id=\"VideoRecetas\" data-settings=\"{&quot;background_background&quot;:&quot;classic&quot;}\">\n\t\t\t\t\t<div class=\"e-con-inner\">\n\t\t<div class=\"elementor-element elementor-element-e57d352 e-flex e-con-boxed e-con e-child\" data-id=\"e57d352\" data-element_type=\"container\" data-settings=\"{&quot;background_background&quot;:&quot;classic&quot;}\">\n\t\t\t\t\t<div class=\"e-con-inner\">\n\t\t\t\t\t<\/div>\n\t\t\t\t<\/div>\n\t\t\t\t\t<\/div>\n\t\t\t\t<\/div>\n\t\t<div class=\"elementor-element elementor-element-0353ec9 e-flex e-con-boxed e-con e-parent\" data-id=\"0353ec9\" data-element_type=\"container\" data-settings=\"{&quot;background_background&quot;:&quot;classic&quot;}\">\n\t\t\t\t\t<div class=\"e-con-inner\">\n\t\t<div class=\"elementor-element elementor-element-8d31a75 e-flex e-con-boxed e-con e-child\" data-id=\"8d31a75\" data-element_type=\"container\">\n\t\t\t\t\t<div class=\"e-con-inner\">\n\t\t<div class=\"elementor-element elementor-element-ceb2ebf e-flex e-con-boxed e-con e-child\" data-id=\"ceb2ebf\" data-element_type=\"container\" data-settings=\"{&quot;background_background&quot;:&quot;classic&quot;}\">\n\t\t\t\t\t<div class=\"e-con-inner\">\n\t\t\t\t<div class=\"elementor-element elementor-element-afc8429 elementor-widget elementor-widget-heading\" data-id=\"afc8429\" data-element_type=\"widget\" data-widget_type=\"heading.default\">\n\t\t\t\t<div class=\"elementor-widget-container\">\n\t\t\t<h2 class=\"elementor-heading-title elementor-size-default\">V\u00eddeo Recetas con Murcia Audiovisual<\/h2>\t\t<\/div>\n\t\t\t\t<\/div>\n\t\t\t\t<div class=\"elementor-element elementor-element-3320a03 elementor-widget elementor-widget-text-editor\" data-id=\"3320a03\" data-element_type=\"widget\" data-widget_type=\"text-editor.default\">\n\t\t\t\t<div class=\"elementor-widget-container\">\n\t\t\t\t\t\t\t<p><!-- wp:heading {\"level\":3} --><\/p>\n<h3><strong>Haz tu recetario m\u00e1s profesional con v\u00eddeo recetas<\/strong><\/h3>\n<p>Desde <strong>Murcia Audiovisual<\/strong> hacemos <strong>v\u00eddeo recetas<\/strong> para tu recetario, y que esta te d\u00e9 una imagen m\u00e1s profesional como cocinero\/a con nuestro <strong>contenido audiovisual<\/strong>.<\/p>\n<p>Con <strong>v\u00eddeo recetas<\/strong> un cocinero\/a da el siguiente nivel y da una mejor imagen ante el p\u00fablico y la potencial clientela, este es el factor principal para que elijas nuestra <strong>productora audiovisual<\/strong>.<\/p>\n<p>\u00a0<\/p>\n<p><!-- \/wp:paragraph --><\/p>\t\t\t\t\t\t<\/div>\n\t\t\t\t<\/div>\n\t\t\t\t\t<\/div>\n\t\t\t\t<\/div>\n\t\t\t\t\t<\/div>\n\t\t\t\t<\/div>\n\t\t<div class=\"elementor-element elementor-element-55507bb e-flex e-con-boxed e-con e-child\" data-id=\"55507bb\" data-element_type=\"container\">\n\t\t\t\t\t<div class=\"e-con-inner\">\n\t\t\t\t<div class=\"elementor-element elementor-element-68d1d57 elementor-widget elementor-widget-video\" data-id=\"68d1d57\" data-element_type=\"widget\" data-settings=\"{&quot;video_type&quot;:&quot;vimeo&quot;,&quot;autoplay&quot;:&quot;yes&quot;}\" data-widget_type=\"video.default\">\n\t\t\t\t<div class=\"elementor-widget-container\">\n\t\t\t\t\t<div class=\"elementor-wrapper elementor-open-inline\">\n\t\t\t<iframe class=\"elementor-video-iframe\" allowfullscreen allow=\"clipboard-write\" title=\"Reproductor de v\u00eddeo vimeo\" src=\"https:\/\/player.vimeo.com\/video\/795307110?autoplay=1&amp;color&amp;autopause=0&amp;loop=0&amp;muted=0&amp;title=0&amp;portrait=1&amp;byline=1#t=\"><\/iframe>\t\t<\/div>\n\t\t\t\t<\/div>\n\t\t\t\t<\/div>\n\t\t\t\t\t<\/div>\n\t\t\t\t<\/div>\n\t\t\t\t\t<\/div>\n\t\t\t\t<\/div>\n\t\t<div class=\"elementor-element elementor-element-ccb53e8 e-flex e-con-boxed e-con e-parent\" data-id=\"ccb53e8\" data-element_type=\"container\" data-settings=\"{&quot;background_background&quot;:&quot;classic&quot;}\">\n\t\t\t\t\t<div class=\"e-con-inner\">\n\t\t<div class=\"elementor-element elementor-element-539da6b e-flex e-con-boxed e-con e-child\" data-id=\"539da6b\" data-element_type=\"container\">\n\t\t\t\t\t<div class=\"e-con-inner\">\n\t\t\t\t<div class=\"elementor-element elementor-element-f98a3c4 elementor-widget elementor-widget-text-editor\" data-id=\"f98a3c4\" data-element_type=\"widget\" data-widget_type=\"text-editor.default\">\n\t\t\t\t<div class=\"elementor-widget-container\">\n\t\t\t\t\t\t\t<p>En <strong>Murcia Audiovisual<\/strong> hacemos <strong>producci\u00f3n audiovisual<\/strong> profesional con un gran equipo que se desenvuelve en todos los aspectos, en este caso para hacer <strong>v\u00eddeo recetas<\/strong>, si quieres dar el siguiente paso y quieres mostrarte como un gran profesional cuenta con nuestro <strong>contenido audiovisual<\/strong>.<\/p>\n<p>Los <strong>v\u00eddeo recetas <\/strong>son geniales para aprender una receta de la forma m\u00e1s divertida y did\u00e1ctica, no te quedes atr\u00e1s y hazte con nuestros servicios.<\/p>\n<p>Tambi\u00e9n contamos con la m\u00e1s avanzada tecnolog\u00eda en <strong>Murcia Audiovisual<\/strong>, tanto en equipo f\u00edsico de grabaci\u00f3n como en el software de edici\u00f3n o retoque audiovisual para hacer el mejor <strong>contenido audiovisual<\/strong>. Tambi\u00e9n contamos con un estudio propio, pero nos desplazamos a donde sea necesario para hacer <strong>v\u00eddeo recetas<\/strong>.<\/p>\n<h3><strong>Murcia Audiovisual tu productora audiovisual<\/strong><\/h3>\n<p><strong>Murcia Audiovisual<\/strong> es una productora audiovisual que se encarga de todas las fases de un proyecto como el guion, producci\u00f3n, fotograf\u00eda, postproducci\u00f3n\u2026 haciendo realidad tus <strong>v\u00eddeo recetas<\/strong>.<\/p>\n<p>Si necesitas m\u00e1s informaci\u00f3n puedes ver nuestros <u>proyectos audiovisuales<\/u> (<a href=\"https:\/\/vimeo.com\/hernandezpitera\">https:\/\/vimeo.com\/hernandezpitera<\/a> ) para que puedas contrastar todo nuestro <strong>contenido audiovisual<\/strong>. Si quieres dar el siguiente paso con <strong>v\u00eddeo recetas<\/strong> no dudes en contactar con nosotros, estaremos encantados de atenderte y que nos comentes tu proyecto para que podamos desarrollarlo desde <strong>Murcia Audiovisual<\/strong>.<\/p>\t\t\t\t\t\t<\/div>\n\t\t\t\t<\/div>\n\t\t\t\t\t<\/div>\n\t\t\t\t<\/div>\n\t\t\t\t\t<\/div>\n\t\t\t\t<\/div>\n\t\t\t\t<\/div>\n\t\t","protected":false},"excerpt":{"rendered":"<p>V\u00eddeo Recetas con Murcia Audiovisual Haz tu recetario m\u00e1s profesional con v\u00eddeo recetas Desde Murcia Audiovisual hacemos v\u00eddeo recetas para tu recetario, y que esta te d\u00e9 una imagen m\u00e1s profesional como cocinero\/a con nuestro contenido audiovisual. Con v\u00eddeo recetas un cocinero\/a da el siguiente nivel y da una mejor imagen ante el p\u00fablico y&hellip;<\/p>\n","protected":false},"author":1,"featured_media":0,"parent":0,"menu_order":0,"comment_status":"closed","ping_status":"closed","template":"elementor_header_footer","meta":{"_seopress_robots_primary_cat":"","_seopress_titles_title":"Receta v\u00eddeo comunicaci\u00f3n audiovisual | Murcia-Audiovisual","_seopress_titles_desc":"Descubre nuestra productora audiovisual hace receta v\u00eddeo de las mejores recetas, en Murcia audiovisual hacemos tu contenido audiovisual, \u00a1cuenta con nosotros!","_seopress_robots_index":"","footnotes":""},"class_list":["post-385","page","type-page","status-publish","hentry"],"_links":{"self":[{"href":"https:\/\/murcia-audiovisual.com\/index.php?rest_route=\/wp\/v2\/pages\/385","targetHints":{"allow":["GET"]}}],"collection":[{"href":"https:\/\/murcia-audiovisual.com\/index.php?rest_route=\/wp\/v2\/pages"}],"about":[{"href":"https:\/\/murcia-audiovisual.com\/index.php?rest_route=\/wp\/v2\/types\/page"}],"author":[{"embeddable":true,"href":"https:\/\/murcia-audiovisual.com\/index.php?rest_route=\/wp\/v2\/users\/1"}],"replies":[{"embeddable":true,"href":"https:\/\/murcia-audiovisual.com\/index.php?rest_route=%2Fwp%2Fv2%2Fcomments&post=385"}],"version-history":[{"count":32,"href":"https:\/\/murcia-audiovisual.com\/index.php?rest_route=\/wp\/v2\/pages\/385\/revisions"}],"predecessor-version":[{"id":993,"href":"https:\/\/murcia-audiovisual.com\/index.php?rest_route=\/wp\/v2\/pages\/385\/revisions\/993"}],"wp:attachment":[{"href":"https:\/\/murcia-audiovisual.com\/index.php?rest_route=%2Fwp%2Fv2%2Fmedia&parent=385"}],"curies":[{"name":"wp","href":"https:\/\/api.w.org\/{rel}","templated":true}]}}