{"id":440,"date":"2024-04-11T10:32:34","date_gmt":"2024-04-11T08:32:34","guid":{"rendered":"https:\/\/murcia-audiovisual.com\/?page_id=440"},"modified":"2024-04-26T13:41:45","modified_gmt":"2024-04-26T11:41:45","slug":"fotografia-aerea-murcia","status":"publish","type":"page","link":"https:\/\/murcia-audiovisual.com\/?page_id=440","title":{"rendered":"\u00a0Fotograf\u00eda A\u00e9rea Murcia"},"content":{"rendered":"\t\t<div data-elementor-type=\"wp-page\" data-elementor-id=\"440\" class=\"elementor elementor-440\" data-elementor-post-type=\"page\">\n\t\t\t\t<div class=\"elementor-element elementor-element-f8c301a e-flex e-con-boxed e-con e-parent\" data-id=\"f8c301a\" data-element_type=\"container\" id=\"FotografiaAereaMurcia\" data-settings=\"{&quot;background_background&quot;:&quot;classic&quot;}\">\n\t\t\t\t\t<div class=\"e-con-inner\">\n\t\t<div class=\"elementor-element elementor-element-9992410 e-flex e-con-boxed e-con e-child\" data-id=\"9992410\" data-element_type=\"container\" data-settings=\"{&quot;background_background&quot;:&quot;classic&quot;}\">\n\t\t\t\t\t<div class=\"e-con-inner\">\n\t\t<div class=\"elementor-element elementor-element-6352e8d e-flex e-con-boxed e-con e-child\" data-id=\"6352e8d\" data-element_type=\"container\" data-settings=\"{&quot;background_background&quot;:&quot;classic&quot;}\">\n\t\t\t\t\t<div class=\"e-con-inner\">\n\t\t<div class=\"elementor-element elementor-element-9d9fb46 e-flex e-con-boxed e-con e-child\" data-id=\"9d9fb46\" data-element_type=\"container\">\n\t\t\t\t\t<div class=\"e-con-inner\">\n\t\t\t\t<div class=\"elementor-element elementor-element-ed565e2 elementor-widget elementor-widget-heading\" data-id=\"ed565e2\" data-element_type=\"widget\" data-widget_type=\"heading.default\">\n\t\t\t\t<div class=\"elementor-widget-container\">\n\t\t\t<h2 class=\"elementor-heading-title elementor-size-default\">Fotograf\u00eda A\u00e9rea Murcia con Murcia Audiovisual<\/h2>\t\t<\/div>\n\t\t\t\t<\/div>\n\t\t\t\t<div class=\"elementor-element elementor-element-c611a96 elementor-widget elementor-widget-text-editor\" data-id=\"c611a96\" data-element_type=\"widget\" data-widget_type=\"text-editor.default\">\n\t\t\t\t<div class=\"elementor-widget-container\">\n\t\t\t\t\t\t\t<h3><strong>Haz tu fotograf\u00eda a\u00e9rea profesional para tu empresa con Murcia Audiovisual <\/strong><\/h3><p>Desde <strong>Murcia Audiovisual<\/strong> ofrecemos servicios relacionados con la fotograf\u00eda, hacemos <strong>fotograf\u00eda a\u00e9rea<\/strong> para mostrar de una manera profesional una empresa y que esta sea m\u00e1s atractiva para posibles nuevos clientes y poder hacer contenido en redes sociales con nuestro <strong>contenido audiovisual<\/strong>.<\/p><p>Con la <strong>fotograf\u00eda a\u00e9rea<\/strong> puedes realizar una sesi\u00f3n fotogr\u00e1fica did\u00e1ctica y divertida de una manera profesional, este es el factor principal para que elijas nuestra <strong>productora audiovisual<\/strong>.<\/p>\t\t\t\t\t\t<\/div>\n\t\t\t\t<\/div>\n\t\t\t\t\t<\/div>\n\t\t\t\t<\/div>\n\t\t<div class=\"elementor-element elementor-element-9918676 e-flex e-con-boxed e-con e-child\" data-id=\"9918676\" data-element_type=\"container\">\n\t\t\t\t\t<div class=\"e-con-inner\">\n\t\t\t\t<div class=\"elementor-element elementor-element-ebe7b96 elementor-widget elementor-widget-video\" data-id=\"ebe7b96\" data-element_type=\"widget\" data-settings=\"{&quot;video_type&quot;:&quot;vimeo&quot;,&quot;autoplay&quot;:&quot;yes&quot;}\" data-widget_type=\"video.default\">\n\t\t\t\t<div class=\"elementor-widget-container\">\n\t\t\t\t\t<div class=\"elementor-wrapper elementor-open-inline\">\n\t\t\t<iframe class=\"elementor-video-iframe\" allowfullscreen allow=\"clipboard-write\" title=\"Reproductor de v\u00eddeo vimeo\" src=\"https:\/\/player.vimeo.com\/video\/552453626?autoplay=1&amp;color&amp;autopause=0&amp;loop=0&amp;muted=0&amp;title=0&amp;portrait=1&amp;byline=1#t=\"><\/iframe>\t\t<\/div>\n\t\t\t\t<\/div>\n\t\t\t\t<\/div>\n\t\t\t\t\t<\/div>\n\t\t\t\t<\/div>\n\t\t\t\t\t<\/div>\n\t\t\t\t<\/div>\n\t\t\t\t\t<\/div>\n\t\t\t\t<\/div>\n\t\t\t\t\t<\/div>\n\t\t\t\t<\/div>\n\t\t<div class=\"elementor-element elementor-element-8e39553 e-flex e-con-boxed e-con e-parent\" data-id=\"8e39553\" data-element_type=\"container\" data-settings=\"{&quot;background_background&quot;:&quot;classic&quot;}\">\n\t\t\t\t\t<div class=\"e-con-inner\">\n\t\t<div class=\"elementor-element elementor-element-f03c2f6 e-flex e-con-boxed e-con e-child\" data-id=\"f03c2f6\" data-element_type=\"container\">\n\t\t\t\t\t<div class=\"e-con-inner\">\n\t\t\t\t<div class=\"elementor-element elementor-element-9a3000c elementor-widget elementor-widget-text-editor\" data-id=\"9a3000c\" data-element_type=\"widget\" data-widget_type=\"text-editor.default\">\n\t\t\t\t<div class=\"elementor-widget-container\">\n\t\t\t\t\t\t\t<p>En <strong>Murcia Audiovisual<\/strong> hacemos <strong>producci\u00f3n audiovisual<\/strong> profesional con un gran equipo que se desenvuelve en todos los aspectos, en este caso para hacer <strong>fotograf\u00eda a\u00e9rea<\/strong>, si quieres dar el siguiente paso y quieres mostrarte como un gran profesional cuenta con nuestro <strong>contenido audiovisual<\/strong>.<\/p><p>La <strong>fotograf\u00eda a\u00e9rea<\/strong> es muy \u00fatil para dar a conocer tu empresa en redes sociales y a potenciales clientes nuevos de una manera totalmente profesional, no te quedes atr\u00e1s y hazte con nuestros servicios.<\/p><p>Tambi\u00e9n contamos con la m\u00e1s avanzada tecnolog\u00eda en <strong>Murcia Audiovisual<\/strong>, tanto en equipo f\u00edsico de grabaci\u00f3n como en el software de edici\u00f3n o retoque audiovisual para hacer el mejor <strong>contenido audiovisual<\/strong>. Tambi\u00e9n contamos con un estudio propio, pero nos desplazamos a donde sea necesario para hacer <strong>fotograf\u00eda a\u00e9rea<\/strong>.<\/p><h3><strong>Murcia Audiovisual tu productora audiovisual<\/strong><\/h3><p><strong>Murcia Audiovisual<\/strong> es una productora audiovisual que se encarga de todas las fases de un proyecto como el guion, producci\u00f3n, fotograf\u00eda, postproducci\u00f3n\u2026 haciendo realidad la <strong>fotograf\u00eda a\u00e9rea<\/strong>.<\/p><p>Si necesitas m\u00e1s informaci\u00f3n puedes ver nuestros <u>proyectos audiovisuales<\/u> (<a href=\"https:\/\/vimeo.com\/hernandezpitera\">https:\/\/vimeo.com\/hernandezpitera<\/a> ) para que puedas contrastar todo nuestro <strong>contenido audiovisual<\/strong>. Si quieres dar el siguiente paso con la <strong>fotograf\u00eda a\u00e9rea<\/strong> no dudes en contactar con nosotros, estaremos encantados de atenderte y que nos comentes tu proyecto para que podamos desarrollarlo desde <strong>Murcia Audiovisual<\/strong>.<\/p>\t\t\t\t\t\t<\/div>\n\t\t\t\t<\/div>\n\t\t\t\t\t<\/div>\n\t\t\t\t<\/div>\n\t\t\t\t\t<\/div>\n\t\t\t\t<\/div>\n\t\t\t\t<\/div>\n\t\t","protected":false},"excerpt":{"rendered":"<p>Fotograf\u00eda A\u00e9rea Murcia con Murcia Audiovisual Haz tu fotograf\u00eda a\u00e9rea profesional para tu empresa con Murcia Audiovisual Desde Murcia Audiovisual ofrecemos servicios relacionados con la fotograf\u00eda, hacemos fotograf\u00eda a\u00e9rea para mostrar de una manera profesional una empresa y que esta sea m\u00e1s atractiva para posibles nuevos clientes y poder hacer contenido en redes sociales con&hellip;<\/p>\n","protected":false},"author":1,"featured_media":0,"parent":0,"menu_order":0,"comment_status":"closed","ping_status":"closed","template":"elementor_header_footer","meta":{"_seopress_robots_primary_cat":"","_seopress_titles_title":"Fotograf\u00eda a\u00e9rea productora Murcia | Murcia-Audiovisual","_seopress_titles_desc":"Descubre nuestra productora audiovisual que hace fotograf\u00eda a\u00e9rea para tu sector, en Murcia audiovisual hacemos tu contenido audiovisual, \u00a1cuenta con nosotros!","_seopress_robots_index":"","footnotes":""},"class_list":["post-440","page","type-page","status-publish","hentry"],"_links":{"self":[{"href":"https:\/\/murcia-audiovisual.com\/index.php?rest_route=\/wp\/v2\/pages\/440","targetHints":{"allow":["GET"]}}],"collection":[{"href":"https:\/\/murcia-audiovisual.com\/index.php?rest_route=\/wp\/v2\/pages"}],"about":[{"href":"https:\/\/murcia-audiovisual.com\/index.php?rest_route=\/wp\/v2\/types\/page"}],"author":[{"embeddable":true,"href":"https:\/\/murcia-audiovisual.com\/index.php?rest_route=\/wp\/v2\/users\/1"}],"replies":[{"embeddable":true,"href":"https:\/\/murcia-audiovisual.com\/index.php?rest_route=%2Fwp%2Fv2%2Fcomments&post=440"}],"version-history":[{"count":32,"href":"https:\/\/murcia-audiovisual.com\/index.php?rest_route=\/wp\/v2\/pages\/440\/revisions"}],"predecessor-version":[{"id":1000,"href":"https:\/\/murcia-audiovisual.com\/index.php?rest_route=\/wp\/v2\/pages\/440\/revisions\/1000"}],"wp:attachment":[{"href":"https:\/\/murcia-audiovisual.com\/index.php?rest_route=%2Fwp%2Fv2%2Fmedia&parent=440"}],"curies":[{"name":"wp","href":"https:\/\/api.w.org\/{rel}","templated":true}]}}