{"id":469,"date":"2024-04-11T10:54:41","date_gmt":"2024-04-11T08:54:41","guid":{"rendered":"https:\/\/murcia-audiovisual.com\/?page_id=469"},"modified":"2024-04-26T13:39:15","modified_gmt":"2024-04-26T11:39:15","slug":"video-promocion-inmobiliaria-en-murcia","status":"publish","type":"page","link":"https:\/\/murcia-audiovisual.com\/?page_id=469","title":{"rendered":"Video Promoci\u00f3n Inmobiliaria en Murcia"},"content":{"rendered":"\t\t<div data-elementor-type=\"wp-page\" data-elementor-id=\"469\" class=\"elementor elementor-469\" data-elementor-post-type=\"page\">\n\t\t\t\t<div class=\"elementor-element elementor-element-fae57f0 e-flex e-con-boxed e-con e-parent\" data-id=\"fae57f0\" data-element_type=\"container\" id=\"VideoPromocionInmobiliariaMurcia\" data-settings=\"{&quot;background_background&quot;:&quot;classic&quot;}\">\n\t\t\t\t\t<div class=\"e-con-inner\">\n\t\t<div class=\"elementor-element elementor-element-335dd8e e-flex e-con-boxed e-con e-child\" data-id=\"335dd8e\" data-element_type=\"container\" data-settings=\"{&quot;background_background&quot;:&quot;classic&quot;}\">\n\t\t\t\t\t<div class=\"e-con-inner\">\n\t\t<div class=\"elementor-element elementor-element-c453a7e e-flex e-con-boxed e-con e-child\" data-id=\"c453a7e\" data-element_type=\"container\" data-settings=\"{&quot;background_background&quot;:&quot;classic&quot;}\">\n\t\t\t\t\t<div class=\"e-con-inner\">\n\t\t<div class=\"elementor-element elementor-element-d9c9381 e-flex e-con-boxed e-con e-child\" data-id=\"d9c9381\" data-element_type=\"container\">\n\t\t\t\t\t<div class=\"e-con-inner\">\n\t\t\t\t<div class=\"elementor-element elementor-element-e444fff elementor-widget elementor-widget-heading\" data-id=\"e444fff\" data-element_type=\"widget\" data-widget_type=\"heading.default\">\n\t\t\t\t<div class=\"elementor-widget-container\">\n\t\t\t<h1 class=\"elementor-heading-title elementor-size-default\">V\u00eddeos de promoci\u00f3n inmobiliaria en Murcia Audiovisual<\/h1>\t\t<\/div>\n\t\t\t\t<\/div>\n\t\t\t\t<div class=\"elementor-element elementor-element-2da9fa2 elementor-widget elementor-widget-text-editor\" data-id=\"2da9fa2\" data-element_type=\"widget\" data-widget_type=\"text-editor.default\">\n\t\t\t\t<div class=\"elementor-widget-container\">\n\t\t\t\t\t\t\t<h3><strong>Haz tu empresa m\u00e1s visible en portales inmobiliarios con nuestros <\/strong><strong>v\u00eddeos de promoci\u00f3n inmobiliaria<\/strong><\/h3><p>Desde <strong>Murcia Audiovisual<\/strong> hacemos v\u00eddeos de<strong> promoci\u00f3n inmobiliaria<\/strong> para tu empresa, y que esta tenga una imagen m\u00e1s profesional en los <strong>portales inmobiliarios<\/strong> con nuestro <strong>contenido audiovisual<\/strong>.<\/p><p>Con los v\u00eddeos de<strong> promoci\u00f3n inmobiliaria<\/strong> de<strong> Murcia Audiovisual<\/strong> una empresa da el siguiente nivel y da una mejor imagen ante el p\u00fablico y la potencial clientela en los <strong>portales inmobiliarios<\/strong>, este es el factor principal para que elijas nuestra <strong>productora audiovisual<\/strong>.<\/p>\t\t\t\t\t\t<\/div>\n\t\t\t\t<\/div>\n\t\t\t\t\t<\/div>\n\t\t\t\t<\/div>\n\t\t<div class=\"elementor-element elementor-element-dbf6582 e-flex e-con-boxed e-con e-child\" data-id=\"dbf6582\" data-element_type=\"container\">\n\t\t\t\t\t<div class=\"e-con-inner\">\n\t\t\t\t<div class=\"elementor-element elementor-element-4c5c8f7 elementor-widget elementor-widget-video\" data-id=\"4c5c8f7\" data-element_type=\"widget\" data-settings=\"{&quot;video_type&quot;:&quot;vimeo&quot;,&quot;autoplay&quot;:&quot;yes&quot;}\" data-widget_type=\"video.default\">\n\t\t\t\t<div class=\"elementor-widget-container\">\n\t\t\t\t\t<div class=\"elementor-wrapper elementor-open-inline\">\n\t\t\t<iframe class=\"elementor-video-iframe\" allowfullscreen allow=\"clipboard-write\" title=\"Reproductor de v\u00eddeo vimeo\" src=\"https:\/\/player.vimeo.com\/video\/913007327?autoplay=1&amp;color&amp;autopause=0&amp;loop=0&amp;muted=0&amp;title=0&amp;portrait=1&amp;byline=1#t=\"><\/iframe>\t\t<\/div>\n\t\t\t\t<\/div>\n\t\t\t\t<\/div>\n\t\t\t\t\t<\/div>\n\t\t\t\t<\/div>\n\t\t\t\t\t<\/div>\n\t\t\t\t<\/div>\n\t\t\t\t\t<\/div>\n\t\t\t\t<\/div>\n\t\t\t\t\t<\/div>\n\t\t\t\t<\/div>\n\t\t<div class=\"elementor-element elementor-element-6eb99dc e-flex e-con-boxed e-con e-parent\" data-id=\"6eb99dc\" data-element_type=\"container\" data-settings=\"{&quot;background_background&quot;:&quot;classic&quot;}\">\n\t\t\t\t\t<div class=\"e-con-inner\">\n\t\t\t\t<div class=\"elementor-element elementor-element-0458325 elementor-widget elementor-widget-text-editor\" data-id=\"0458325\" data-element_type=\"widget\" data-widget_type=\"text-editor.default\">\n\t\t\t\t<div class=\"elementor-widget-container\">\n\t\t\t\t\t\t\t<p class=\"MsoNormal\" style=\"line-height: 150%;\">Los v\u00eddeos de<b> promoci\u00f3n inmobiliaria <\/b>son muy necesarios para dar una imagen<br \/>profesional en los <b>portales<br \/>inmobiliarios, <\/b>no lo dudes m\u00e1s y si quieres hacer ver tu inmobiliaria m\u00e1s profesional que las dem\u00e1s hazte con nuestros servicios.<\/p><p class=\"MsoNormal\" style=\"line-height: 150%;\">En <b>Murcia Audiovisual<\/b> hacemos <b>producci\u00f3n audiovisual <\/b>profesional con un gran equipo que se desenvuelve en todos los<br \/>aspectos, en este caso para hacer v\u00eddeos de <b>promoci\u00f3n inmobiliaria<\/b>, si quieres dar el siguiente paso en tu empresa para visibilizarte en los <b>portales<br \/>inmobiliarios <\/b>cuenta con nuestro <b>contenido audiovisual<\/b>.<\/p><p class=\"MsoNormal\" style=\"line-height: 150%;\"><span style=\"font-size: 12.0pt; mso-bidi-font-size: 11.0pt; line-height: 150%;\">Tambi\u00e9n contamos con la m\u00e1s avanzada tecnolog\u00eda en <b>Murcia Audiovisual<\/b>, tanto en equipo f\u00edsico de grabaci\u00f3n como en el software de<br \/>edici\u00f3n o retoque audiovisual para hacer el mejor <b>contenido audiovisual<\/b>. Tambi\u00e9n contamos con un estudio propio, pero nos desplazamos a donde sea necesario para hacer tus <\/span>v\u00eddeos de<b> promoci\u00f3n inmobiliaria<\/b><span style=\"font-size: 12.0pt; mso-bidi-font-size: 11.0pt; line-height: 150%;\">.<\/span><\/p><h3 class=\"MsoNormal\" style=\"line-height: 150%;\"><b><span style=\"font-size: 14.0pt; line-height: 150%;\">Murcia Audiovisual tu productora audiovisual<\/span><\/b><\/h3><p><strong>Murcia Audiovisual<\/strong> es una productora audiovisual que se encarga de todas las fases de un proyecto como el guion, producci\u00f3n, fotograf\u00eda, postproducci\u00f3n\u2026 haciendo realidad tus v\u00eddeos de<strong> promoci\u00f3n inmobiliaria<\/strong>. Gracias a ello dar\u00e1s una imagen profesional en los <strong>portales inmobiliarios<\/strong>.<\/p><p>Si necesitas m\u00e1s informaci\u00f3n puedes ver nuestros <a href=\"https:\/\/vimeo.com\/hernandezpitera\"><u>proyectos audiovisuales<\/u><\/a>\u00a0para que puedas contrastar todo nuestro <strong>contenido audiovisual<\/strong>. Si quieres dar el siguiente paso con tus v\u00eddeos de<strong> promoci\u00f3n inmobiliaria<\/strong> no dudes en contactar con nosotros, estaremos encantados de atenderte y que nos comentes tu proyecto para que podamos desarrollarlo desde <strong>Murcia Audiovisual<\/strong>.<\/p>\t\t\t\t\t\t<\/div>\n\t\t\t\t<\/div>\n\t\t\t\t\t<\/div>\n\t\t\t\t<\/div>\n\t\t\t\t<\/div>\n\t\t","protected":false},"excerpt":{"rendered":"<p>V\u00eddeos de promoci\u00f3n inmobiliaria en Murcia Audiovisual Haz tu empresa m\u00e1s visible en portales inmobiliarios con nuestros v\u00eddeos de promoci\u00f3n inmobiliaria Desde Murcia Audiovisual hacemos v\u00eddeos de promoci\u00f3n inmobiliaria para tu empresa, y que esta tenga una imagen m\u00e1s profesional en los portales inmobiliarios con nuestro contenido audiovisual. Con los v\u00eddeos de promoci\u00f3n inmobiliaria de&hellip;<\/p>\n","protected":false},"author":1,"featured_media":0,"parent":0,"menu_order":0,"comment_status":"closed","ping_status":"closed","template":"elementor_header_footer","meta":{"_seopress_robots_primary_cat":"","_seopress_titles_title":"V\u00eddeo promoci\u00f3n inmobiliaria productor | Murcia-Audiovisual","_seopress_titles_desc":"Nuestra productora audiovisual hace v\u00eddeos de promoci\u00f3n inmobiliaria para portales inmobiliarios en Murcia audiovisual hacemos tu contenido audiovisual, \u00a1vamos!","_seopress_robots_index":"","footnotes":""},"class_list":["post-469","page","type-page","status-publish","hentry"],"_links":{"self":[{"href":"https:\/\/murcia-audiovisual.com\/index.php?rest_route=\/wp\/v2\/pages\/469","targetHints":{"allow":["GET"]}}],"collection":[{"href":"https:\/\/murcia-audiovisual.com\/index.php?rest_route=\/wp\/v2\/pages"}],"about":[{"href":"https:\/\/murcia-audiovisual.com\/index.php?rest_route=\/wp\/v2\/types\/page"}],"author":[{"embeddable":true,"href":"https:\/\/murcia-audiovisual.com\/index.php?rest_route=\/wp\/v2\/users\/1"}],"replies":[{"embeddable":true,"href":"https:\/\/murcia-audiovisual.com\/index.php?rest_route=%2Fwp%2Fv2%2Fcomments&post=469"}],"version-history":[{"count":30,"href":"https:\/\/murcia-audiovisual.com\/index.php?rest_route=\/wp\/v2\/pages\/469\/revisions"}],"predecessor-version":[{"id":996,"href":"https:\/\/murcia-audiovisual.com\/index.php?rest_route=\/wp\/v2\/pages\/469\/revisions\/996"}],"wp:attachment":[{"href":"https:\/\/murcia-audiovisual.com\/index.php?rest_route=%2Fwp%2Fv2%2Fmedia&parent=469"}],"curies":[{"name":"wp","href":"https:\/\/api.w.org\/{rel}","templated":true}]}}