{"id":486,"date":"2024-04-11T11:25:58","date_gmt":"2024-04-11T09:25:58","guid":{"rendered":"https:\/\/murcia-audiovisual.com\/?page_id=486"},"modified":"2024-04-26T13:37:48","modified_gmt":"2024-04-26T11:37:48","slug":"anuncios-publicitarios-en-murcia","status":"publish","type":"page","link":"https:\/\/murcia-audiovisual.com\/?page_id=486","title":{"rendered":"Anuncios publicitarios en Murcia"},"content":{"rendered":"\t\t<div data-elementor-type=\"wp-page\" data-elementor-id=\"486\" class=\"elementor elementor-486\" data-elementor-post-type=\"page\">\n\t\t\t\t<div class=\"elementor-element elementor-element-55fef86 e-flex e-con-boxed e-con e-parent\" data-id=\"55fef86\" data-element_type=\"container\" id=\"AnunciosPublicitariosMurcia\" data-settings=\"{&quot;background_background&quot;:&quot;classic&quot;}\">\n\t\t\t\t\t<div class=\"e-con-inner\">\n\t\t<div class=\"elementor-element elementor-element-7a204c8 e-flex e-con-boxed e-con e-child\" data-id=\"7a204c8\" data-element_type=\"container\" data-settings=\"{&quot;background_background&quot;:&quot;classic&quot;}\">\n\t\t\t\t\t<div class=\"e-con-inner\">\n\t\t<div class=\"elementor-element elementor-element-63535b8 e-flex e-con-boxed e-con e-child\" data-id=\"63535b8\" data-element_type=\"container\" data-settings=\"{&quot;background_background&quot;:&quot;classic&quot;}\">\n\t\t\t\t\t<div class=\"e-con-inner\">\n\t\t<div class=\"elementor-element elementor-element-423a191 e-flex e-con-boxed e-con e-child\" data-id=\"423a191\" data-element_type=\"container\">\n\t\t\t\t\t<div class=\"e-con-inner\">\n\t\t\t\t<div class=\"elementor-element elementor-element-573260e elementor-widget elementor-widget-heading\" data-id=\"573260e\" data-element_type=\"widget\" data-widget_type=\"heading.default\">\n\t\t\t\t<div class=\"elementor-widget-container\">\n\t\t\t<h2 class=\"elementor-heading-title elementor-size-default\">Un anuncio publicitario con Murcia Audiovisual<\/h2>\t\t<\/div>\n\t\t\t\t<\/div>\n\t\t\t\t<div class=\"elementor-element elementor-element-7b179cd elementor-widget elementor-widget-text-editor\" data-id=\"7b179cd\" data-element_type=\"widget\" data-widget_type=\"text-editor.default\">\n\t\t\t\t<div class=\"elementor-widget-container\">\n\t\t\t\t\t\t\t<h3><strong>Haz tu empresa m\u00e1s profesional con un anuncio publicitario<\/strong><\/h3><p>Desde <strong>Murcia Audiovisual<\/strong> hacemos <strong>un anuncio publicitario<\/strong> para tu empresa, y que esta tenga una imagen m\u00e1s profesional con nuestro <strong>contenido audiovisual<\/strong>.<\/p><p>Con <strong>un anuncio publicitario<\/strong> una empresa da el siguiente nivel y da una mejor imagen ante el p\u00fablico y la potencial clientela, este es el factor principal para que elijas nuestra <strong>productora audiovisual<\/strong>.<\/p>\t\t\t\t\t\t<\/div>\n\t\t\t\t<\/div>\n\t\t\t\t\t<\/div>\n\t\t\t\t<\/div>\n\t\t<div class=\"elementor-element elementor-element-db3fcbe e-flex e-con-boxed e-con e-child\" data-id=\"db3fcbe\" data-element_type=\"container\">\n\t\t\t\t\t<div class=\"e-con-inner\">\n\t\t\t\t<div class=\"elementor-element elementor-element-b93c343 elementor-widget elementor-widget-video\" data-id=\"b93c343\" data-element_type=\"widget\" data-settings=\"{&quot;video_type&quot;:&quot;vimeo&quot;,&quot;autoplay&quot;:&quot;yes&quot;}\" data-widget_type=\"video.default\">\n\t\t\t\t<div class=\"elementor-widget-container\">\n\t\t\t\t\t<div class=\"elementor-wrapper elementor-open-inline\">\n\t\t\t<iframe class=\"elementor-video-iframe\" allowfullscreen allow=\"clipboard-write\" title=\"Reproductor de v\u00eddeo vimeo\" src=\"https:\/\/player.vimeo.com\/video\/825130733?autoplay=1&amp;color&amp;autopause=0&amp;loop=0&amp;muted=0&amp;title=0&amp;portrait=1&amp;byline=1#t=\"><\/iframe>\t\t<\/div>\n\t\t\t\t<\/div>\n\t\t\t\t<\/div>\n\t\t\t\t\t<\/div>\n\t\t\t\t<\/div>\n\t\t\t\t\t<\/div>\n\t\t\t\t<\/div>\n\t\t\t\t\t<\/div>\n\t\t\t\t<\/div>\n\t\t\t\t\t<\/div>\n\t\t\t\t<\/div>\n\t\t<div class=\"elementor-element elementor-element-2206311 e-flex e-con-boxed e-con e-parent\" data-id=\"2206311\" data-element_type=\"container\" data-settings=\"{&quot;background_background&quot;:&quot;classic&quot;}\">\n\t\t\t\t\t<div class=\"e-con-inner\">\n\t\t<div class=\"elementor-element elementor-element-4214168 e-flex e-con-boxed e-con e-child\" data-id=\"4214168\" data-element_type=\"container\">\n\t\t\t\t\t<div class=\"e-con-inner\">\n\t\t\t\t<div class=\"elementor-element elementor-element-a2343a0 elementor-widget elementor-widget-text-editor\" data-id=\"a2343a0\" data-element_type=\"widget\" data-widget_type=\"text-editor.default\">\n\t\t\t\t<div class=\"elementor-widget-container\">\n\t\t\t\t\t\t\t<p>Hacer un <strong>anuncio\u00a0 publicitario <\/strong>es un recurso muy \u00fatil para hacer una campa\u00f1a de publicidad efectiva y puedas avanzar en el crecimiento de tu negocio, as\u00ed que no lo dudes m\u00e1s y hazte con nuestros servicios. \u00a0\u00a0<\/p><p>En <strong>Murcia Audiovisual<\/strong> hacemos <strong>producci\u00f3n audiovisual<\/strong> profesional con un gran equipo que se desenvuelve en todos los aspectos, en este caso para hacer <strong>un anuncio publicitario<\/strong>, si quieres dar el siguiente paso en tu empresa cuenta con nuestro <strong>contenido audiovisual<\/strong>.<\/p><p>Tambi\u00e9n contamos con la m\u00e1s avanzada tecnolog\u00eda en <strong>Murcia Audiovisual<\/strong>, tanto en equipo f\u00edsico de grabaci\u00f3n como en el software de edici\u00f3n o retoque audiovisual para hacer el mejor <strong>contenido audiovisual<\/strong>. Tambi\u00e9n contamos con un estudio propio, pero nos desplazamos a donde sea necesario para hacer <strong>un anuncio publicitario<\/strong>.<\/p><h3><strong>Murcia Audiovisual tu productora audiovisual<\/strong><\/h3><p><strong>Murcia Audiovisual<\/strong> es una productora audiovisual que se encarga de todas las fases de un proyecto como el guion, producci\u00f3n, fotograf\u00eda, postproducci\u00f3n\u2026 haciendo realidad <strong>un anuncio publicitario<\/strong>.<\/p><p>Si necesitas m\u00e1s informaci\u00f3n puedes ver nuestros <u>proyectos audiovisuales<\/u> (<a href=\"https:\/\/vimeo.com\/hernandezpitera\">https:\/\/vimeo.com\/hernandezpitera<\/a> ) para que puedas contrastar todo nuestro <strong>contenido audiovisual<\/strong>. Si quieres dar el siguiente paso con <strong>un anuncio publicitario<\/strong> no dudes en contactar con nosotros, estaremos encantados de atenderte y que nos comentes tu proyecto para que podamos desarrollarlo desde <strong>Murcia Audiovisual<\/strong>.<\/p>\t\t\t\t\t\t<\/div>\n\t\t\t\t<\/div>\n\t\t\t\t\t<\/div>\n\t\t\t\t<\/div>\n\t\t\t\t\t<\/div>\n\t\t\t\t<\/div>\n\t\t\t\t<\/div>\n\t\t","protected":false},"excerpt":{"rendered":"<p>Un anuncio publicitario con Murcia Audiovisual Haz tu empresa m\u00e1s profesional con un anuncio publicitario Desde Murcia Audiovisual hacemos un anuncio publicitario para tu empresa, y que esta tenga una imagen m\u00e1s profesional con nuestro contenido audiovisual. Con un anuncio publicitario una empresa da el siguiente nivel y da una mejor imagen ante el p\u00fablico&hellip;<\/p>\n","protected":false},"author":1,"featured_media":0,"parent":0,"menu_order":0,"comment_status":"closed","ping_status":"closed","template":"elementor_header_footer","meta":{"_seopress_robots_primary_cat":"","_seopress_titles_title":"Anuncio publicitario productora Murcia | Murcia-Audiovisual","_seopress_titles_desc":"Desvela nuestra productora audiovisual puede hacer un anuncio publicitario para tu empresa, en Murcia audiovisual hacemos tu contenido audiovisual, \u00a1vamos all\u00e1!","_seopress_robots_index":"","footnotes":""},"class_list":["post-486","page","type-page","status-publish","hentry"],"_links":{"self":[{"href":"https:\/\/murcia-audiovisual.com\/index.php?rest_route=\/wp\/v2\/pages\/486","targetHints":{"allow":["GET"]}}],"collection":[{"href":"https:\/\/murcia-audiovisual.com\/index.php?rest_route=\/wp\/v2\/pages"}],"about":[{"href":"https:\/\/murcia-audiovisual.com\/index.php?rest_route=\/wp\/v2\/types\/page"}],"author":[{"embeddable":true,"href":"https:\/\/murcia-audiovisual.com\/index.php?rest_route=\/wp\/v2\/users\/1"}],"replies":[{"embeddable":true,"href":"https:\/\/murcia-audiovisual.com\/index.php?rest_route=%2Fwp%2Fv2%2Fcomments&post=486"}],"version-history":[{"count":29,"href":"https:\/\/murcia-audiovisual.com\/index.php?rest_route=\/wp\/v2\/pages\/486\/revisions"}],"predecessor-version":[{"id":994,"href":"https:\/\/murcia-audiovisual.com\/index.php?rest_route=\/wp\/v2\/pages\/486\/revisions\/994"}],"wp:attachment":[{"href":"https:\/\/murcia-audiovisual.com\/index.php?rest_route=%2Fwp%2Fv2%2Fmedia&parent=486"}],"curies":[{"name":"wp","href":"https:\/\/api.w.org\/{rel}","templated":true}]}}