{"id":508,"date":"2024-04-11T11:42:14","date_gmt":"2024-04-11T09:42:14","guid":{"rendered":"https:\/\/murcia-audiovisual.com\/?page_id=508"},"modified":"2024-04-26T13:36:02","modified_gmt":"2024-04-26T11:36:02","slug":"video-aereo-dron-en-murcia","status":"publish","type":"page","link":"https:\/\/murcia-audiovisual.com\/?page_id=508","title":{"rendered":"V\u00eddeo a\u00e9reo dron en Murcia"},"content":{"rendered":"\t\t<div data-elementor-type=\"wp-page\" data-elementor-id=\"508\" class=\"elementor elementor-508\" data-elementor-post-type=\"page\">\n\t\t\t\t<div class=\"elementor-element elementor-element-83627da e-flex e-con-boxed e-con e-parent\" data-id=\"83627da\" data-element_type=\"container\" id=\"VideoAereoDronMurcia\" data-settings=\"{&quot;background_background&quot;:&quot;classic&quot;}\">\n\t\t\t\t\t<div class=\"e-con-inner\">\n\t\t<div class=\"elementor-element elementor-element-23ff944 e-flex e-con-boxed e-con e-child\" data-id=\"23ff944\" data-element_type=\"container\" data-settings=\"{&quot;background_background&quot;:&quot;classic&quot;}\">\n\t\t\t\t\t<div class=\"e-con-inner\">\n\t\t<div class=\"elementor-element elementor-element-d9f174a e-flex e-con-boxed e-con e-child\" data-id=\"d9f174a\" data-element_type=\"container\" data-settings=\"{&quot;background_background&quot;:&quot;classic&quot;}\">\n\t\t\t\t\t<div class=\"e-con-inner\">\n\t\t<div class=\"elementor-element elementor-element-86880fe e-flex e-con-boxed e-con e-child\" data-id=\"86880fe\" data-element_type=\"container\">\n\t\t\t\t\t<div class=\"e-con-inner\">\n\t\t\t\t<div class=\"elementor-element elementor-element-a70d8df elementor-widget elementor-widget-heading\" data-id=\"a70d8df\" data-element_type=\"widget\" data-widget_type=\"heading.default\">\n\t\t\t\t<div class=\"elementor-widget-container\">\n\t\t\t<h2 class=\"elementor-heading-title elementor-size-default\">V\u00eddeo de drones en Murcia Audiovisual<\/h2>\t\t<\/div>\n\t\t\t\t<\/div>\n\t\t\t\t<div class=\"elementor-element elementor-element-dae417f elementor-widget elementor-widget-text-editor\" data-id=\"dae417f\" data-element_type=\"widget\" data-widget_type=\"text-editor.default\">\n\t\t\t\t<div class=\"elementor-widget-container\">\n\t\t\t\t\t\t\t<p><strong>H2 Haz tus proyectos m\u00e1s profesionales con v\u00eddeos de drones<\/strong><\/p><p>Desde <strong>Murcia Audiovisual<\/strong> hacemos <strong>v\u00eddeos de drones<\/strong> para tu recetario, y que esta te d\u00e9 una imagen m\u00e1s profesional como cocinero\/a con nuestro <strong>contenido audiovisual<\/strong>.<\/p><p>Con <strong>v\u00eddeos de drones<\/strong> puedes dar un punto de vista diferente a tu <strong>proyecto audiovisual<\/strong> y as\u00ed dar\u00e1s el siguiente paso para dar una mejor imagen ante el p\u00fablico y la potencial clientela, este es el factor principal para que elijas nuestra <strong>productora audiovisual<\/strong>.<\/p>\t\t\t\t\t\t<\/div>\n\t\t\t\t<\/div>\n\t\t\t\t\t<\/div>\n\t\t\t\t<\/div>\n\t\t<div class=\"elementor-element elementor-element-f901cb0 e-flex e-con-boxed e-con e-child\" data-id=\"f901cb0\" data-element_type=\"container\">\n\t\t\t\t\t<div class=\"e-con-inner\">\n\t\t\t\t<div class=\"elementor-element elementor-element-1d8a527 elementor-widget elementor-widget-video\" data-id=\"1d8a527\" data-element_type=\"widget\" data-settings=\"{&quot;video_type&quot;:&quot;vimeo&quot;,&quot;autoplay&quot;:&quot;yes&quot;}\" data-widget_type=\"video.default\">\n\t\t\t\t<div class=\"elementor-widget-container\">\n\t\t\t\t\t<div class=\"elementor-wrapper elementor-open-inline\">\n\t\t\t<iframe class=\"elementor-video-iframe\" allowfullscreen allow=\"clipboard-write\" title=\"Reproductor de v\u00eddeo vimeo\" src=\"https:\/\/player.vimeo.com\/video\/313125173?autoplay=1&amp;color&amp;autopause=0&amp;loop=0&amp;muted=0&amp;title=0&amp;portrait=1&amp;byline=1#t=\"><\/iframe>\t\t<\/div>\n\t\t\t\t<\/div>\n\t\t\t\t<\/div>\n\t\t\t\t\t<\/div>\n\t\t\t\t<\/div>\n\t\t\t\t\t<\/div>\n\t\t\t\t<\/div>\n\t\t\t\t\t<\/div>\n\t\t\t\t<\/div>\n\t\t\t\t\t<\/div>\n\t\t\t\t<\/div>\n\t\t<div class=\"elementor-element elementor-element-e0016b9 e-flex e-con-boxed e-con e-parent\" data-id=\"e0016b9\" data-element_type=\"container\" data-settings=\"{&quot;background_background&quot;:&quot;classic&quot;}\">\n\t\t\t\t\t<div class=\"e-con-inner\">\n\t\t<div class=\"elementor-element elementor-element-3f800d9 e-flex e-con-boxed e-con e-child\" data-id=\"3f800d9\" data-element_type=\"container\">\n\t\t\t\t\t<div class=\"e-con-inner\">\n\t\t\t\t<div class=\"elementor-element elementor-element-c478701 elementor-widget elementor-widget-text-editor\" data-id=\"c478701\" data-element_type=\"widget\" data-widget_type=\"text-editor.default\">\n\t\t\t\t<div class=\"elementor-widget-container\">\n\t\t\t\t\t\t\t<p>En <strong>Murcia Audiovisual<\/strong> hacemos <strong>v\u00eddeos de drones<\/strong> profesionales con un gran equipo que se desenvuelve en todos los aspectos, en este caso para hacer <strong>v\u00eddeos de drones<\/strong>, si quieres dar el siguiente paso y quieres mostrarte como un gran profesional cuenta con nuestro <strong>contenido audiovisual<\/strong>.<\/p><p>Los <strong>v\u00eddeos de drones<\/strong> son muy \u00fatiles para dar un punto de vista diferente a tu proyecto audiovisual, no te quedes atr\u00e1s y hazte con nuestros servicios.<\/p><p>Tambi\u00e9n contamos con la m\u00e1s avanzada tecnolog\u00eda en <strong>Murcia Audiovisual<\/strong>, tanto en equipo f\u00edsico de grabaci\u00f3n como en el software de edici\u00f3n o retoque audiovisual para hacer el mejor <strong>contenido audiovisual<\/strong>. Tambi\u00e9n contamos con un estudio propio, pero nos desplazamos a donde sea necesario para hacer <strong>v\u00eddeos de drones<\/strong>.<\/p><p><strong>\u00a0Murcia Audiovisual tu productora audiovisual<\/strong><\/p><p><strong>Murcia Audiovisual<\/strong> es una productora audiovisual que se encarga de todas las fases de un proyecto como el guion, producci\u00f3n, fotograf\u00eda, postproducci\u00f3n\u2026 haciendo realidad tus <strong>v\u00eddeos de drones<\/strong>.<\/p><p>Si necesitas m\u00e1s informaci\u00f3n puedes ver nuestros <u>proyectos audiovisuales<\/u> (<a href=\"https:\/\/vimeo.com\/hernandezpitera\">https:\/\/vimeo.com\/hernandezpitera<\/a> ) para que puedas contrastar todo nuestro <strong>contenido audiovisual<\/strong>. Si quieres dar el siguiente paso con <strong>v\u00eddeos de drones<\/strong> no dudes en contactar con nosotros, estaremos encantados de atenderte y que nos comentes tu proyecto para que podamos desarrollarlo desde <strong>Murcia Audiovisual<\/strong>.<\/p><p>\u00a0<\/p>\t\t\t\t\t\t<\/div>\n\t\t\t\t<\/div>\n\t\t\t\t\t<\/div>\n\t\t\t\t<\/div>\n\t\t\t\t\t<\/div>\n\t\t\t\t<\/div>\n\t\t\t\t<\/div>\n\t\t","protected":false},"excerpt":{"rendered":"<p>V\u00eddeo de drones en Murcia Audiovisual H2 Haz tus proyectos m\u00e1s profesionales con v\u00eddeos de drones Desde Murcia Audiovisual hacemos v\u00eddeos de drones para tu recetario, y que esta te d\u00e9 una imagen m\u00e1s profesional como cocinero\/a con nuestro contenido audiovisual. Con v\u00eddeos de drones puedes dar un punto de vista diferente a tu proyecto&hellip;<\/p>\n","protected":false},"author":1,"featured_media":0,"parent":0,"menu_order":0,"comment_status":"closed","ping_status":"closed","template":"elementor_header_footer","meta":{"_seopress_robots_primary_cat":"","_seopress_titles_title":"V\u00eddeo dron productora audiovisual Murcia| Murcia-Audiovisual","_seopress_titles_desc":"Nuestra productora audiovisual hace v\u00eddeos de drones para dar una nueva perspectiva, en Murcia audiovisual hacemos tu contenido audiovisual, \u00a1vamos all\u00e1!","_seopress_robots_index":"","footnotes":""},"class_list":["post-508","page","type-page","status-publish","hentry"],"_links":{"self":[{"href":"https:\/\/murcia-audiovisual.com\/index.php?rest_route=\/wp\/v2\/pages\/508","targetHints":{"allow":["GET"]}}],"collection":[{"href":"https:\/\/murcia-audiovisual.com\/index.php?rest_route=\/wp\/v2\/pages"}],"about":[{"href":"https:\/\/murcia-audiovisual.com\/index.php?rest_route=\/wp\/v2\/types\/page"}],"author":[{"embeddable":true,"href":"https:\/\/murcia-audiovisual.com\/index.php?rest_route=\/wp\/v2\/users\/1"}],"replies":[{"embeddable":true,"href":"https:\/\/murcia-audiovisual.com\/index.php?rest_route=%2Fwp%2Fv2%2Fcomments&post=508"}],"version-history":[{"count":32,"href":"https:\/\/murcia-audiovisual.com\/index.php?rest_route=\/wp\/v2\/pages\/508\/revisions"}],"predecessor-version":[{"id":992,"href":"https:\/\/murcia-audiovisual.com\/index.php?rest_route=\/wp\/v2\/pages\/508\/revisions\/992"}],"wp:attachment":[{"href":"https:\/\/murcia-audiovisual.com\/index.php?rest_route=%2Fwp%2Fv2%2Fmedia&parent=508"}],"curies":[{"name":"wp","href":"https:\/\/api.w.org\/{rel}","templated":true}]}}