{"id":536,"date":"2024-04-11T11:57:50","date_gmt":"2024-04-11T09:57:50","guid":{"rendered":"https:\/\/murcia-audiovisual.com\/?page_id=536"},"modified":"2024-04-26T13:41:01","modified_gmt":"2024-04-26T11:41:01","slug":"fotografia-industrial","status":"publish","type":"page","link":"https:\/\/murcia-audiovisual.com\/?page_id=536","title":{"rendered":"Fotograf\u00eda industrial"},"content":{"rendered":"\t\t<div data-elementor-type=\"wp-page\" data-elementor-id=\"536\" class=\"elementor elementor-536\" data-elementor-post-type=\"page\">\n\t\t\t\t<div class=\"elementor-element elementor-element-4edbed6 e-flex e-con-boxed e-con e-parent\" data-id=\"4edbed6\" data-element_type=\"container\" id=\"FotografiaIndustrial\" data-settings=\"{&quot;background_background&quot;:&quot;classic&quot;}\">\n\t\t\t\t\t<div class=\"e-con-inner\">\n\t\t<div class=\"elementor-element elementor-element-a9e9596 e-flex e-con-boxed e-con e-child\" data-id=\"a9e9596\" data-element_type=\"container\" data-settings=\"{&quot;background_background&quot;:&quot;classic&quot;}\">\n\t\t\t\t\t<div class=\"e-con-inner\">\n\t\t<div class=\"elementor-element elementor-element-c72de9f e-flex e-con-boxed e-con e-child\" data-id=\"c72de9f\" data-element_type=\"container\" data-settings=\"{&quot;background_background&quot;:&quot;classic&quot;}\">\n\t\t\t\t\t<div class=\"e-con-inner\">\n\t\t\t\t\t<\/div>\n\t\t\t\t<\/div>\n\t\t<div class=\"elementor-element elementor-element-ef0e617 e-flex e-con-boxed e-con e-child\" data-id=\"ef0e617\" data-element_type=\"container\" data-settings=\"{&quot;background_background&quot;:&quot;classic&quot;}\">\n\t\t\t\t\t<div class=\"e-con-inner\">\n\t\t<div class=\"elementor-element elementor-element-b888e98 e-flex e-con-boxed e-con e-child\" data-id=\"b888e98\" data-element_type=\"container\">\n\t\t\t\t\t<div class=\"e-con-inner\">\n\t\t\t\t<div class=\"elementor-element elementor-element-3dc92ed elementor-widget elementor-widget-heading\" data-id=\"3dc92ed\" data-element_type=\"widget\" data-widget_type=\"heading.default\">\n\t\t\t\t<div class=\"elementor-widget-container\">\n\t\t\t<h2 class=\"elementor-heading-title elementor-size-default\">Fotograf\u00eda Industrial con Murcia Audiovisual<\/h2>\t\t<\/div>\n\t\t\t\t<\/div>\n\t\t\t\t<div class=\"elementor-element elementor-element-aa05b05 elementor-widget elementor-widget-text-editor\" data-id=\"aa05b05\" data-element_type=\"widget\" data-widget_type=\"text-editor.default\">\n\t\t\t\t<div class=\"elementor-widget-container\">\n\t\t\t\t\t\t\t<h3><strong>Haz tu fotograf\u00eda industrial profesional para tu empresa con Murcia Audiovisual <\/strong><\/h3><p>Desde <strong>Murcia Audiovisual<\/strong> tambi\u00e9n ofrecemos servicios relacionados con la fotograf\u00eda, hacemos <strong>fotograf\u00eda industrial<\/strong> para mostrar de una manera profesional una empresa y que esta sea m\u00e1s atractiva para posibles nuevos clientes y poder hacer contenido en redes sociales con nuestro <strong>contenido audiovisual<\/strong>.<\/p><p>Con la <strong>fotograf\u00eda industrial<\/strong> puedes realizar un spot fotogr\u00e1fico profesional para tu empresa y as\u00ed puedas mostrarla a profesionalmente, este es el factor principal para que elijas nuestra <strong>productora audiovisual<\/strong>.<\/p>\t\t\t\t\t\t<\/div>\n\t\t\t\t<\/div>\n\t\t\t\t\t<\/div>\n\t\t\t\t<\/div>\n\t\t<div class=\"elementor-element elementor-element-dcea8a9 e-flex e-con-boxed e-con e-child\" data-id=\"dcea8a9\" data-element_type=\"container\">\n\t\t\t\t\t<div class=\"e-con-inner\">\n\t\t\t\t<div class=\"elementor-element elementor-element-2d4ed8b elementor-widget elementor-widget-video\" data-id=\"2d4ed8b\" data-element_type=\"widget\" data-settings=\"{&quot;video_type&quot;:&quot;vimeo&quot;,&quot;autoplay&quot;:&quot;yes&quot;}\" data-widget_type=\"video.default\">\n\t\t\t\t<div class=\"elementor-widget-container\">\n\t\t\t\t\t<div class=\"elementor-wrapper elementor-open-inline\">\n\t\t\t<iframe class=\"elementor-video-iframe\" allowfullscreen allow=\"clipboard-write\" title=\"Reproductor de v\u00eddeo vimeo\" src=\"https:\/\/player.vimeo.com\/video\/825128229?autoplay=1&amp;color&amp;autopause=0&amp;loop=0&amp;muted=0&amp;title=0&amp;portrait=1&amp;byline=1#t=\"><\/iframe>\t\t<\/div>\n\t\t\t\t<\/div>\n\t\t\t\t<\/div>\n\t\t\t\t\t<\/div>\n\t\t\t\t<\/div>\n\t\t\t\t\t<\/div>\n\t\t\t\t<\/div>\n\t\t\t\t\t<\/div>\n\t\t\t\t<\/div>\n\t\t\t\t\t<\/div>\n\t\t\t\t<\/div>\n\t\t<div class=\"elementor-element elementor-element-3bbf5cf e-flex e-con-boxed e-con e-parent\" data-id=\"3bbf5cf\" data-element_type=\"container\" data-settings=\"{&quot;background_background&quot;:&quot;classic&quot;}\">\n\t\t\t\t\t<div class=\"e-con-inner\">\n\t\t<div class=\"elementor-element elementor-element-4250b4b e-flex e-con-boxed e-con e-child\" data-id=\"4250b4b\" data-element_type=\"container\">\n\t\t\t\t\t<div class=\"e-con-inner\">\n\t\t\t\t<div class=\"elementor-element elementor-element-37e6b0c elementor-widget elementor-widget-text-editor\" data-id=\"37e6b0c\" data-element_type=\"widget\" data-widget_type=\"text-editor.default\">\n\t\t\t\t<div class=\"elementor-widget-container\">\n\t\t\t\t\t\t\t<p>En <strong>Murcia Audiovisual<\/strong> hacemos <strong>producci\u00f3n audiovisual<\/strong> profesional con un gran equipo que se desenvuelve en todos los aspectos, en este caso para hacer <strong>fotograf\u00eda industrial<\/strong>, si quieres dar el siguiente paso y quieres mostrarte como un gran profesional cuenta con nuestro <strong>contenido audiovisual<\/strong>.<\/p><p>La <strong>fotograf\u00eda industrial <\/strong>es muy \u00fatil para dar a conocer tu empresa en redes sociales y a potenciales clientes nuevos de una manera totalmente profesional, no te quedes atr\u00e1s y hazte con nuestros servicios.<\/p><p>Tambi\u00e9n contamos con la m\u00e1s avanzada tecnolog\u00eda en <strong>Murcia Audiovisual<\/strong>, tanto en equipo f\u00edsico de grabaci\u00f3n como en el software de edici\u00f3n o retoque audiovisual para hacer el mejor <strong>contenido audiovisual<\/strong>. Tambi\u00e9n contamos con un estudio propio, pero nos desplazamos a donde sea necesario para hacer <strong>fotograf\u00eda industrial<\/strong>.<\/p><h3><strong>Murcia Audiovisual tu productora audiovisual<\/strong><\/h3><p><strong>Murcia Audiovisual<\/strong> es una productora audiovisual que se encarga de todas las fases de un proyecto como el guion, producci\u00f3n, fotograf\u00eda, postproducci\u00f3n\u2026 haciendo realidad la <strong>fotograf\u00eda industrial<\/strong>.<\/p><p>Si necesitas m\u00e1s informaci\u00f3n puedes ver nuestros <u>proyectos audiovisuales<\/u> (<a href=\"https:\/\/vimeo.com\/hernandezpitera\">https:\/\/vimeo.com\/hernandezpitera<\/a> ) para que puedas contrastar todo nuestro <strong>contenido audiovisual<\/strong>. Si quieres dar el siguiente paso con la <strong>fotograf\u00eda industrial<\/strong> no dudes en contactar con nosotros, estaremos encantados de atenderte y que nos comentes tu proyecto para que podamos desarrollarlo desde <strong>Murcia Audiovisual<\/strong>.<\/p>\t\t\t\t\t\t<\/div>\n\t\t\t\t<\/div>\n\t\t\t\t\t<\/div>\n\t\t\t\t<\/div>\n\t\t\t\t\t<\/div>\n\t\t\t\t<\/div>\n\t\t\t\t<\/div>\n\t\t","protected":false},"excerpt":{"rendered":"<p>Fotograf\u00eda Industrial con Murcia Audiovisual Haz tu fotograf\u00eda industrial profesional para tu empresa con Murcia Audiovisual Desde Murcia Audiovisual tambi\u00e9n ofrecemos servicios relacionados con la fotograf\u00eda, hacemos fotograf\u00eda industrial para mostrar de una manera profesional una empresa y que esta sea m\u00e1s atractiva para posibles nuevos clientes y poder hacer contenido en redes sociales con&hellip;<\/p>\n","protected":false},"author":1,"featured_media":0,"parent":0,"menu_order":0,"comment_status":"closed","ping_status":"closed","template":"elementor_header_footer","meta":{"_seopress_robots_primary_cat":"","_seopress_titles_title":"Fotograf\u00eda industrial productora Murcia | Murcia-Audiovisual","_seopress_titles_desc":"Desvela nuestra productora audiovisual hace fotograf\u00eda industrial para tu empresa, en Murcia audiovisual hacemos tu contenido audiovisual, \u00a1cuenta con nosotros!","_seopress_robots_index":"","footnotes":""},"class_list":["post-536","page","type-page","status-publish","hentry"],"_links":{"self":[{"href":"https:\/\/murcia-audiovisual.com\/index.php?rest_route=\/wp\/v2\/pages\/536","targetHints":{"allow":["GET"]}}],"collection":[{"href":"https:\/\/murcia-audiovisual.com\/index.php?rest_route=\/wp\/v2\/pages"}],"about":[{"href":"https:\/\/murcia-audiovisual.com\/index.php?rest_route=\/wp\/v2\/types\/page"}],"author":[{"embeddable":true,"href":"https:\/\/murcia-audiovisual.com\/index.php?rest_route=\/wp\/v2\/users\/1"}],"replies":[{"embeddable":true,"href":"https:\/\/murcia-audiovisual.com\/index.php?rest_route=%2Fwp%2Fv2%2Fcomments&post=536"}],"version-history":[{"count":14,"href":"https:\/\/murcia-audiovisual.com\/index.php?rest_route=\/wp\/v2\/pages\/536\/revisions"}],"predecessor-version":[{"id":999,"href":"https:\/\/murcia-audiovisual.com\/index.php?rest_route=\/wp\/v2\/pages\/536\/revisions\/999"}],"wp:attachment":[{"href":"https:\/\/murcia-audiovisual.com\/index.php?rest_route=%2Fwp%2Fv2%2Fmedia&parent=536"}],"curies":[{"name":"wp","href":"https:\/\/api.w.org\/{rel}","templated":true}]}}