{"id":545,"date":"2024-04-11T12:05:34","date_gmt":"2024-04-11T10:05:34","guid":{"rendered":"https:\/\/murcia-audiovisual.com\/?page_id=545"},"modified":"2024-04-26T13:03:51","modified_gmt":"2024-04-26T11:03:51","slug":"montaje-y-postproduccion-de-video-en-murcia","status":"publish","type":"page","link":"https:\/\/murcia-audiovisual.com\/?page_id=545","title":{"rendered":"Montaje y Postproducci\u00f3n de v\u00eddeo en Murcia"},"content":{"rendered":"\t\t<div data-elementor-type=\"wp-page\" data-elementor-id=\"545\" class=\"elementor elementor-545\" data-elementor-post-type=\"page\">\n\t\t\t\t<div class=\"elementor-element elementor-element-c56b498 e-flex e-con-boxed e-con e-parent\" data-id=\"c56b498\" data-element_type=\"container\" data-settings=\"{&quot;background_background&quot;:&quot;classic&quot;}\">\n\t\t\t\t\t<div class=\"e-con-inner\">\n\t\t<div class=\"elementor-element elementor-element-9da4c7d e-flex e-con-boxed e-con e-child\" data-id=\"9da4c7d\" data-element_type=\"container\" data-settings=\"{&quot;background_background&quot;:&quot;classic&quot;}\">\n\t\t\t\t\t<div class=\"e-con-inner\">\n\t\t<div class=\"elementor-element elementor-element-1d716da e-flex e-con-boxed e-con e-child\" data-id=\"1d716da\" data-element_type=\"container\" data-settings=\"{&quot;background_background&quot;:&quot;classic&quot;}\">\n\t\t\t\t\t<div class=\"e-con-inner\">\n\t\t<div class=\"elementor-element elementor-element-ad3399d e-flex e-con-boxed e-con e-child\" data-id=\"ad3399d\" data-element_type=\"container\">\n\t\t\t\t\t<div class=\"e-con-inner\">\n\t\t\t\t<div class=\"elementor-element elementor-element-86fd946 elementor-widget elementor-widget-heading\" data-id=\"86fd946\" data-element_type=\"widget\" data-widget_type=\"heading.default\">\n\t\t\t\t<div class=\"elementor-widget-container\">\n\t\t\t<h2 class=\"elementor-heading-title elementor-size-default\">Montaje y Postproducci\u00f3n de v\u00eddeo en Murcia Audiovisual<\/h2>\t\t<\/div>\n\t\t\t\t<\/div>\n\t\t\t\t<div class=\"elementor-element elementor-element-06fb245 elementor-widget elementor-widget-text-editor\" data-id=\"06fb245\" data-element_type=\"widget\" data-widget_type=\"text-editor.default\">\n\t\t\t\t<div class=\"elementor-widget-container\">\n\t\t\t\t\t\t\t<h3><strong>Haz tu fotograf\u00eda montaje y postproducci\u00f3n para tu empresa con Murcia Audiovisual <\/strong><\/h3><p>Desde <strong>Murcia Audiovisual<\/strong> ofrecemos servicios relacionados con la fotograf\u00eda, hacemos <strong>postproducci\u00f3n<\/strong> y <strong>montaje<\/strong> para entregar un producto final de una manera profesional proyectos y que este sea m\u00e1s atractivo para las personas y poder hacer contenido en redes sociales con nuestro <strong>contenido audiovisual<\/strong>.<\/p><p>Con la <strong>postproducci\u00f3n<\/strong> y <strong>montaje<\/strong> podr\u00e1s tener una serie de proyectos finales acabados acometidos por un equipo de profesionales ya sea un \u00a0v\u00eddeo corporativo, spot publicitario, videoclip o cortometraje\u2026 este es el factor principal para que elijas nuestra <strong>productora audiovisual<\/strong>.<\/p>\t\t\t\t\t\t<\/div>\n\t\t\t\t<\/div>\n\t\t\t\t\t<\/div>\n\t\t\t\t<\/div>\n\t\t<div class=\"elementor-element elementor-element-7ca91df e-flex e-con-boxed e-con e-child\" data-id=\"7ca91df\" data-element_type=\"container\">\n\t\t\t\t\t<div class=\"e-con-inner\">\n\t\t\t\t<div class=\"elementor-element elementor-element-bb3dd38 elementor-widget elementor-widget-video\" data-id=\"bb3dd38\" data-element_type=\"widget\" data-settings=\"{&quot;video_type&quot;:&quot;vimeo&quot;,&quot;autoplay&quot;:&quot;yes&quot;}\" data-widget_type=\"video.default\">\n\t\t\t\t<div class=\"elementor-widget-container\">\n\t\t\t\t\t<div class=\"elementor-wrapper elementor-open-inline\">\n\t\t\t<iframe class=\"elementor-video-iframe\" allowfullscreen allow=\"clipboard-write\" title=\"Reproductor de v\u00eddeo vimeo\" src=\"https:\/\/player.vimeo.com\/video\/526653413?autoplay=1&amp;color&amp;autopause=0&amp;loop=0&amp;muted=0&amp;title=0&amp;portrait=1&amp;byline=1#t=\"><\/iframe>\t\t<\/div>\n\t\t\t\t<\/div>\n\t\t\t\t<\/div>\n\t\t\t\t\t<\/div>\n\t\t\t\t<\/div>\n\t\t\t\t\t<\/div>\n\t\t\t\t<\/div>\n\t\t\t\t\t<\/div>\n\t\t\t\t<\/div>\n\t\t\t\t\t<\/div>\n\t\t\t\t<\/div>\n\t\t<div class=\"elementor-element elementor-element-c608e49 e-flex e-con-boxed e-con e-parent\" data-id=\"c608e49\" data-element_type=\"container\" data-settings=\"{&quot;background_background&quot;:&quot;classic&quot;}\">\n\t\t\t\t\t<div class=\"e-con-inner\">\n\t\t<div class=\"elementor-element elementor-element-3de762e e-flex e-con-boxed e-con e-child\" data-id=\"3de762e\" data-element_type=\"container\">\n\t\t\t\t\t<div class=\"e-con-inner\">\n\t\t\t\t<div class=\"elementor-element elementor-element-5346214 elementor-widget elementor-widget-text-editor\" data-id=\"5346214\" data-element_type=\"widget\" data-widget_type=\"text-editor.default\">\n\t\t\t\t<div class=\"elementor-widget-container\">\n\t\t\t\t\t\t\t<p class=\"MsoNormal\" style=\"line-height: 150%;\"><span style=\"font-size: 12.0pt; line-height: 150%;\">En <b>Murcia Audiovisual<\/b> hacemos <b>producci\u00f3n audiovisual<\/b> profesional con un gran equipo que se desenvuelve en todos los aspectos, en este caso para hacer <b>postproducci\u00f3n<\/b> y <b>montaje<\/b>, si quieres dar el siguiente paso y quieres mostrar tus proyectos profesionales cuenta con nuestro <b>contenido audiovisual<\/b>. <\/span><\/p><p class=\"MsoNormal\" style=\"line-height: 150%;\"><span style=\"font-size: 12.0pt; line-height: 150%;\">La <b>postproducci\u00f3n<\/b> y el <b>montaje<\/b><\/span><b> <\/b><span style=\"font-size: 12.0pt; line-height: 150%;\">son muy \u00fatiles ya que es dif\u00edcil encontrar una <b>productora audiovisual<\/b> que ofrezca este tipo de servicios adem\u00e1s de todos los dem\u00e1s, no te quedes atr\u00e1s y hazte con nuestros servicios.<\/span><\/p><p class=\"MsoNormal\" style=\"line-height: 150%;\"><span style=\"font-size: 12.0pt; line-height: 150%;\">Tambi\u00e9n contamos con la m\u00e1s avanzada tecnolog\u00eda en <b>Murcia Audiovisual<\/b>, tanto en equipo f\u00edsico de grabaci\u00f3n como en el software de edici\u00f3n o retoque audiovisual para hacer el mejor <b>contenido audiovisual<\/b>. Tambi\u00e9n contamos con un estudio propio, pero nos desplazamos a donde sea necesario para hacer <b>postproducci\u00f3n<\/b> y <b>montaje<\/b>.<\/span><\/p><h3 class=\"MsoNormal\" style=\"line-height: 150%;\"><b><span style=\"font-size: 14.0pt; line-height: 150%;\">Murcia Audiovisual tu productora audiovisual<\/span><\/b><\/h3><p class=\"MsoNormal\" style=\"line-height: 150%;\"><b>Murcia Audiovisual<\/b><span style=\"font-size: 12.0pt; line-height: 150%;\"> es una productora audiovisual que se encarga de todas las fases de un proyecto como el guion, producci\u00f3n, fotograf\u00eda, postproducci\u00f3n\u2026 haciendo realidad la <b>postproducci\u00f3n<\/b> y el <b>montaje<\/b>.<\/span><\/p><p class=\"MsoNormal\" style=\"line-height: 150%;\"><span style=\"font-size: 12.0pt; line-height: 150%;\">Si necesitas m\u00e1s informaci\u00f3n puedes ver nuestros <u>proyectos audiovisuales<\/u> (<span class=\"MsoHyperlink\"><a href=\"https:\/\/vimeo.com\/hernandezpitera\">https:\/\/vimeo.com\/hernandezpitera<\/a><\/span> ) para que puedas contrastar todo nuestro <b>contenido audiovisual<\/b>. Si quieres dar el siguiente paso con la <b>postproducci\u00f3n<\/b> y el <b>montaje<\/b><\/span><b> <\/b><span style=\"font-size: 12.0pt; line-height: 150%;\">no dudes en contactar con nosotros, estaremos encantados de atenderte y que nos comentes tu proyecto para que podamos desarrollarlo desde <b>Murcia Audiovisual<\/b>.<\/span><\/p>\t\t\t\t\t\t<\/div>\n\t\t\t\t<\/div>\n\t\t\t\t\t<\/div>\n\t\t\t\t<\/div>\n\t\t\t\t\t<\/div>\n\t\t\t\t<\/div>\n\t\t\t\t<\/div>\n\t\t","protected":false},"excerpt":{"rendered":"<p>Montaje y Postproducci\u00f3n de v\u00eddeo en Murcia Audiovisual Haz tu fotograf\u00eda montaje y postproducci\u00f3n para tu empresa con Murcia Audiovisual Desde Murcia Audiovisual ofrecemos servicios relacionados con la fotograf\u00eda, hacemos postproducci\u00f3n y montaje para entregar un producto final de una manera profesional proyectos y que este sea m\u00e1s atractivo para las personas y poder hacer&hellip;<\/p>\n","protected":false},"author":1,"featured_media":183,"parent":0,"menu_order":0,"comment_status":"closed","ping_status":"closed","template":"elementor_header_footer","meta":{"_seopress_robots_primary_cat":"","_seopress_titles_title":"","_seopress_titles_desc":"","_seopress_robots_index":"","footnotes":""},"class_list":["post-545","page","type-page","status-publish","has-post-thumbnail","hentry"],"_links":{"self":[{"href":"https:\/\/murcia-audiovisual.com\/index.php?rest_route=\/wp\/v2\/pages\/545","targetHints":{"allow":["GET"]}}],"collection":[{"href":"https:\/\/murcia-audiovisual.com\/index.php?rest_route=\/wp\/v2\/pages"}],"about":[{"href":"https:\/\/murcia-audiovisual.com\/index.php?rest_route=\/wp\/v2\/types\/page"}],"author":[{"embeddable":true,"href":"https:\/\/murcia-audiovisual.com\/index.php?rest_route=\/wp\/v2\/users\/1"}],"replies":[{"embeddable":true,"href":"https:\/\/murcia-audiovisual.com\/index.php?rest_route=%2Fwp%2Fv2%2Fcomments&post=545"}],"version-history":[{"count":16,"href":"https:\/\/murcia-audiovisual.com\/index.php?rest_route=\/wp\/v2\/pages\/545\/revisions"}],"predecessor-version":[{"id":948,"href":"https:\/\/murcia-audiovisual.com\/index.php?rest_route=\/wp\/v2\/pages\/545\/revisions\/948"}],"wp:featuredmedia":[{"embeddable":true,"href":"https:\/\/murcia-audiovisual.com\/index.php?rest_route=\/wp\/v2\/media\/183"}],"wp:attachment":[{"href":"https:\/\/murcia-audiovisual.com\/index.php?rest_route=%2Fwp%2Fv2%2Fmedia&parent=545"}],"curies":[{"name":"wp","href":"https:\/\/api.w.org\/{rel}","templated":true}]}}