{"id":668,"date":"2024-04-15T10:22:45","date_gmt":"2024-04-15T08:22:45","guid":{"rendered":"https:\/\/murcia-audiovisual.com\/?page_id=668"},"modified":"2024-04-15T10:58:47","modified_gmt":"2024-04-15T08:58:47","slug":"spot-campo-de-golf-la-serena","status":"publish","type":"page","link":"https:\/\/murcia-audiovisual.com\/?page_id=668","title":{"rendered":"Spot campo de Golf La Serena"},"content":{"rendered":"\t\t<div data-elementor-type=\"wp-page\" data-elementor-id=\"668\" class=\"elementor elementor-668\" data-elementor-post-type=\"page\">\n\t\t\t\t<div class=\"elementor-element elementor-element-5851b36 e-flex e-con-boxed e-con e-parent\" data-id=\"5851b36\" data-element_type=\"container\">\n\t\t\t\t\t<div class=\"e-con-inner\">\n\t\t\t\t<div class=\"elementor-element elementor-element-aab6a4b elementor-widget elementor-widget-heading\" data-id=\"aab6a4b\" data-element_type=\"widget\" data-widget_type=\"heading.default\">\n\t\t\t\t<div class=\"elementor-widget-container\">\n\t\t\t<h2 class=\"elementor-heading-title elementor-size-default\">Spot Campo de golf La Serena<\/h2>\t\t<\/div>\n\t\t\t\t<\/div>\n\t\t\t\t\t<\/div>\n\t\t\t\t<\/div>\n\t\t<div class=\"elementor-element elementor-element-8185e93 e-flex e-con-boxed e-con e-parent\" data-id=\"8185e93\" data-element_type=\"container\">\n\t\t\t\t\t<div class=\"e-con-inner\">\n\t\t<div class=\"elementor-element elementor-element-857613b e-con-full e-flex e-con e-child\" data-id=\"857613b\" data-element_type=\"container\">\n\t\t\t\t<div class=\"elementor-element elementor-element-40ebd40 elementor-widget elementor-widget-text-editor\" data-id=\"40ebd40\" data-element_type=\"widget\" data-widget_type=\"text-editor.default\">\n\t\t\t\t<div class=\"elementor-widget-container\">\n\t\t\t\t\t\t\t<p>Un spot o anuncio publicitario es la mejor manera de dar a conocer una empresa, sus productos o sus servicios, su pol\u00edtica, su ambiente de trabajo y mucho m\u00e1s. Normalmente se trata de un video corto si se pretende poner en televisi\u00f3n, puesto que un v\u00eddeo largo ser\u00eda demasiado costoso, pero un spot tambi\u00e9n puede\u2026<\/p>\t\t\t\t\t\t<\/div>\n\t\t\t\t<\/div>\n\t\t\t\t<\/div>\n\t\t<div class=\"elementor-element elementor-element-c128a18 e-con-full e-flex e-con e-child\" data-id=\"c128a18\" data-element_type=\"container\">\n\t\t\t\t<div class=\"elementor-element elementor-element-af948e5 elementor-widget elementor-widget-video\" data-id=\"af948e5\" data-element_type=\"widget\" data-settings=\"{&quot;video_type&quot;:&quot;vimeo&quot;,&quot;autoplay&quot;:&quot;yes&quot;}\" data-widget_type=\"video.default\">\n\t\t\t\t<div class=\"elementor-widget-container\">\n\t\t\t\t\t<div class=\"elementor-wrapper elementor-open-inline\">\n\t\t\t<iframe class=\"elementor-video-iframe\" allowfullscreen allow=\"clipboard-write\" title=\"Reproductor de v\u00eddeo vimeo\" src=\"https:\/\/player.vimeo.com\/video\/572462721?autoplay=1&amp;color&amp;autopause=0&amp;loop=0&amp;muted=0&amp;title=0&amp;portrait=1&amp;byline=1#t=\"><\/iframe>\t\t<\/div>\n\t\t\t\t<\/div>\n\t\t\t\t<\/div>\n\t\t\t\t<\/div>\n\t\t\t\t\t<\/div>\n\t\t\t\t<\/div>\n\t\t\t\t<\/div>\n\t\t","protected":false},"excerpt":{"rendered":"<p>Spot Campo de golf La Serena Un spot o anuncio publicitario es la mejor manera de dar a conocer una empresa, sus productos o sus servicios, su pol\u00edtica, su ambiente de trabajo y mucho m\u00e1s. Normalmente se trata de un video corto si se pretende poner en televisi\u00f3n, puesto que un v\u00eddeo largo ser\u00eda demasiado&hellip;<\/p>\n","protected":false},"author":1,"featured_media":686,"parent":0,"menu_order":0,"comment_status":"closed","ping_status":"closed","template":"","meta":{"_seopress_robots_primary_cat":"","_seopress_titles_title":"","_seopress_titles_desc":"","_seopress_robots_index":"","footnotes":""},"class_list":["post-668","page","type-page","status-publish","has-post-thumbnail","hentry"],"_links":{"self":[{"href":"https:\/\/murcia-audiovisual.com\/index.php?rest_route=\/wp\/v2\/pages\/668","targetHints":{"allow":["GET"]}}],"collection":[{"href":"https:\/\/murcia-audiovisual.com\/index.php?rest_route=\/wp\/v2\/pages"}],"about":[{"href":"https:\/\/murcia-audiovisual.com\/index.php?rest_route=\/wp\/v2\/types\/page"}],"author":[{"embeddable":true,"href":"https:\/\/murcia-audiovisual.com\/index.php?rest_route=\/wp\/v2\/users\/1"}],"replies":[{"embeddable":true,"href":"https:\/\/murcia-audiovisual.com\/index.php?rest_route=%2Fwp%2Fv2%2Fcomments&post=668"}],"version-history":[{"count":7,"href":"https:\/\/murcia-audiovisual.com\/index.php?rest_route=\/wp\/v2\/pages\/668\/revisions"}],"predecessor-version":[{"id":679,"href":"https:\/\/murcia-audiovisual.com\/index.php?rest_route=\/wp\/v2\/pages\/668\/revisions\/679"}],"wp:featuredmedia":[{"embeddable":true,"href":"https:\/\/murcia-audiovisual.com\/index.php?rest_route=\/wp\/v2\/media\/686"}],"wp:attachment":[{"href":"https:\/\/murcia-audiovisual.com\/index.php?rest_route=%2Fwp%2Fv2%2Fmedia&parent=668"}],"curies":[{"name":"wp","href":"https:\/\/api.w.org\/{rel}","templated":true}]}}